{"id":293550,"date":"2025-01-01T19:19:18","date_gmt":"2025-01-01T18:19:18","guid":{"rendered":"https:\/\/www.atta45.se\/e-butik\/produkt\/galaxy-vega-termos-mugg\/"},"modified":"2025-10-27T17:25:39","modified_gmt":"2025-10-27T16:25:39","slug":"galaxy-vega-termos-mugg","status":"publish","type":"product","link":"https:\/\/www.atta45.se\/e-butik\/produkt\/galaxy-vega-termos-mugg\/","title":{"rendered":"Termos mugg Vega (310 ml)"},"content":{"rendered":"<p>F\u00f6rest\u00e4ll dig komforten att dricka utan att kompromissa.<\/p>\n<p>Genom att v\u00e4lja Vega termomugg garanteras du h\u00f6g ergonomi och komfort tack vare anv\u00e4ndningen av vakuumisolering, hygieniskt och extremt bekv\u00e4mt munstycke tillverkat av ett s\u00e4kert och luktfritt material, bekv\u00e4m !1-click\u201d \u00f6ppning och ett lock med &#8221;Keep Open&#8221; positionering.<\/p>\n<p>Modellen finns i en attraktiv Soft Black f\u00e4rgversion.<\/p>\n<p>Presentf\u00f6rpackning med matchande logotryck ing\u00e5r alltid i priset.?<\/p>\n<p>Galaxy <\/p>\n","protected":false},"excerpt":{"rendered":"<p>F\u00f6rest\u00e4ll dig komforten att dricka utan att kompromissa. Genom att v\u00e4lja Vega termomugg garanteras du h\u00f6g ergonomi och komfort tack vare anv\u00e4ndningen av vakuumisolering, hygieniskt och extremt bekv\u00e4mt munstycke tillverkat av ett s\u00e4kert och luktfritt material, bekv\u00e4m !1-click\u201d \u00f6ppning och ett lock med &#8221;Keep Open&#8221; positionering. Modellen finns i en attraktiv Soft Black f\u00e4rgversion. Presentf\u00f6rpackning [&hellip;]<\/p>\n","protected":false},"featured_media":70008,"template":"","meta":{"_acf_changed":false,"_seopress_robots_primary_cat":"","_seopress_titles_title":"","_seopress_titles_desc":"","_seopress_robots_index":""},"product_brand":[],"product_cat":[15],"product_tag":[],"class_list":{"0":"post-293550","1":"product","2":"type-product","3":"status-publish","4":"has-post-thumbnail","6":"product_cat-okategoriserad","7":"atta45_taxonomy-tema-inspiration-varumarken-galaxy-collection-sv","8":"atta45_taxonomy-muggar-muggar-sv","9":"atta45_taxonomy-hem-hushall-muggar-sv","10":"atta45_taxonomy-fritid-termos-sv","12":"first","13":"instock","14":"taxable","15":"shipping-taxable","16":"purchasable","17":"product-type-variable"},"acf":[],"_links":{"self":[{"href":"https:\/\/www.atta45.se\/e-butik\/wp-json\/wp\/v2\/product\/293550","targetHints":{"allow":["GET"]}}],"collection":[{"href":"https:\/\/www.atta45.se\/e-butik\/wp-json\/wp\/v2\/product"}],"about":[{"href":"https:\/\/www.atta45.se\/e-butik\/wp-json\/wp\/v2\/types\/product"}],"wp:featuredmedia":[{"embeddable":true,"href":"https:\/\/www.atta45.se\/e-butik\/wp-json\/wp\/v2\/media\/70008"}],"wp:attachment":[{"href":"https:\/\/www.atta45.se\/e-butik\/wp-json\/wp\/v2\/media?parent=293550"}],"wp:term":[{"taxonomy":"product_brand","embeddable":true,"href":"https:\/\/www.atta45.se\/e-butik\/wp-json\/wp\/v2\/product_brand?post=293550"},{"taxonomy":"product_cat","embeddable":true,"href":"https:\/\/www.atta45.se\/e-butik\/wp-json\/wp\/v2\/product_cat?post=293550"},{"taxonomy":"product_tag","embeddable":true,"href":"https:\/\/www.atta45.se\/e-butik\/wp-json\/wp\/v2\/product_tag?post=293550"}],"curies":[{"name":"wp","href":"https:\/\/api.w.org\/{rel}","templated":true}]}}