{"id":293538,"date":"2025-01-01T19:16:20","date_gmt":"2025-01-01T18:16:20","guid":{"rendered":"https:\/\/www.atta45.se\/e-butik\/produkt\/smartwatch-klocka-av-pc-asher\/"},"modified":"2025-10-27T16:48:18","modified_gmt":"2025-10-27T15:48:18","slug":"smartwatch-klocka-av-pc-asher","status":"publish","type":"product","link":"https:\/\/www.atta45.se\/e-butik\/produkt\/smartwatch-klocka-av-pc-asher\/","title":{"rendered":"Smartwatch av PC Asher"},"content":{"rendered":"<p>Smart klocka av PC och PVC med justerbart armband och tr\u00e5dl\u00f6s teknik. Med peksk\u00e4rm och rullningsknapp p\u00e5 sidan. Funktioner som telefonsamtal, pulsm\u00e4tare, s\u00f6mnmonitor, syrem\u00e4tning, meddelandep\u00e5mnnelse, p\u00e5minnelse att dricka vatten och tr\u00e4na. USB-kabel ing\u00e5r. Individuellt f\u00f6rpackad i en kartong.<\/p>\n","protected":false},"excerpt":{"rendered":"<p>Smart klocka av PC och PVC med justerbart armband och tr\u00e5dl\u00f6s teknik. Med peksk\u00e4rm och rullningsknapp p\u00e5 sidan. Funktioner som telefonsamtal, pulsm\u00e4tare, s\u00f6mnmonitor, syrem\u00e4tning, meddelandep\u00e5mnnelse, p\u00e5minnelse att dricka vatten och tr\u00e4na. USB-kabel ing\u00e5r. Individuellt f\u00f6rpackad i en kartong.<\/p>\n","protected":false},"featured_media":293539,"template":"","meta":{"_acf_changed":false,"_seopress_robots_primary_cat":"","_seopress_titles_title":"","_seopress_titles_desc":"","_seopress_robots_index":""},"product_brand":[],"product_cat":[15],"product_tag":[],"class_list":{"0":"post-293538","1":"product","2":"type-product","3":"status-publish","4":"has-post-thumbnail","6":"product_cat-okategoriserad","7":"atta45_taxonomy-elektronik-kontor-sv","8":"atta45_taxonomy-tema-inspiration-speciella-trycktekniker-name-it-sv","10":"first","11":"instock","12":"taxable","13":"shipping-taxable","14":"purchasable","15":"product-type-variable"},"acf":[],"_links":{"self":[{"href":"https:\/\/www.atta45.se\/e-butik\/wp-json\/wp\/v2\/product\/293538","targetHints":{"allow":["GET"]}}],"collection":[{"href":"https:\/\/www.atta45.se\/e-butik\/wp-json\/wp\/v2\/product"}],"about":[{"href":"https:\/\/www.atta45.se\/e-butik\/wp-json\/wp\/v2\/types\/product"}],"wp:featuredmedia":[{"embeddable":true,"href":"https:\/\/www.atta45.se\/e-butik\/wp-json\/wp\/v2\/media\/293539"}],"wp:attachment":[{"href":"https:\/\/www.atta45.se\/e-butik\/wp-json\/wp\/v2\/media?parent=293538"}],"wp:term":[{"taxonomy":"product_brand","embeddable":true,"href":"https:\/\/www.atta45.se\/e-butik\/wp-json\/wp\/v2\/product_brand?post=293538"},{"taxonomy":"product_cat","embeddable":true,"href":"https:\/\/www.atta45.se\/e-butik\/wp-json\/wp\/v2\/product_cat?post=293538"},{"taxonomy":"product_tag","embeddable":true,"href":"https:\/\/www.atta45.se\/e-butik\/wp-json\/wp\/v2\/product_tag?post=293538"}],"curies":[{"name":"wp","href":"https:\/\/api.w.org\/{rel}","templated":true}]}}