{"id":293524,"date":"2025-01-01T19:14:55","date_gmt":"2025-01-01T18:14:55","guid":{"rendered":"https:\/\/www.atta45.se\/e-butik\/produkt\/smartwatch-klocka-av-pet-xavier\/"},"modified":"2025-10-27T16:48:06","modified_gmt":"2025-10-27T15:48:06","slug":"smartwatch-klocka-av-pet-xavier","status":"publish","type":"product","link":"https:\/\/www.atta45.se\/e-butik\/produkt\/smartwatch-klocka-av-pet-xavier\/","title":{"rendered":"Smartwatch av PET Xavier"},"content":{"rendered":"<p>PET och PVC smart klocka med justerbart armband och tr\u00e5dl\u00f6s teknik. Med liten knapp under sk\u00e4rmen. Funktioner: hj\u00e4rtfrekvens, s\u00f6mnmonitor, syrem\u00e4tning, meddelandep\u00e5minnelse, dricksvattenp\u00e5minnelse, tr\u00e4ningsp\u00e5minnelse. USB-laddare g\u00f6md i armbandet.<\/p>\n","protected":false},"excerpt":{"rendered":"<p>PET och PVC smart klocka med justerbart armband och tr\u00e5dl\u00f6s teknik. Med liten knapp under sk\u00e4rmen. Funktioner: hj\u00e4rtfrekvens, s\u00f6mnmonitor, syrem\u00e4tning, meddelandep\u00e5minnelse, dricksvattenp\u00e5minnelse, tr\u00e4ningsp\u00e5minnelse. USB-laddare g\u00f6md i armbandet.<\/p>\n","protected":false},"featured_media":293525,"template":"","meta":{"_acf_changed":false,"_seopress_robots_primary_cat":"","_seopress_titles_title":"","_seopress_titles_desc":"","_seopress_robots_index":""},"product_brand":[],"product_cat":[15],"product_tag":[],"class_list":{"0":"post-293524","1":"product","2":"type-product","3":"status-publish","4":"has-post-thumbnail","6":"product_cat-okategoriserad","7":"atta45_taxonomy-elektronik-kontor-sv","9":"first","10":"instock","11":"taxable","12":"shipping-taxable","13":"purchasable","14":"product-type-variable"},"acf":[],"_links":{"self":[{"href":"https:\/\/www.atta45.se\/e-butik\/wp-json\/wp\/v2\/product\/293524","targetHints":{"allow":["GET"]}}],"collection":[{"href":"https:\/\/www.atta45.se\/e-butik\/wp-json\/wp\/v2\/product"}],"about":[{"href":"https:\/\/www.atta45.se\/e-butik\/wp-json\/wp\/v2\/types\/product"}],"wp:featuredmedia":[{"embeddable":true,"href":"https:\/\/www.atta45.se\/e-butik\/wp-json\/wp\/v2\/media\/293525"}],"wp:attachment":[{"href":"https:\/\/www.atta45.se\/e-butik\/wp-json\/wp\/v2\/media?parent=293524"}],"wp:term":[{"taxonomy":"product_brand","embeddable":true,"href":"https:\/\/www.atta45.se\/e-butik\/wp-json\/wp\/v2\/product_brand?post=293524"},{"taxonomy":"product_cat","embeddable":true,"href":"https:\/\/www.atta45.se\/e-butik\/wp-json\/wp\/v2\/product_cat?post=293524"},{"taxonomy":"product_tag","embeddable":true,"href":"https:\/\/www.atta45.se\/e-butik\/wp-json\/wp\/v2\/product_tag?post=293524"}],"curies":[{"name":"wp","href":"https:\/\/api.w.org\/{rel}","templated":true}]}}