{"id":293486,"date":"2025-01-01T19:12:43","date_gmt":"2025-01-01T18:12:43","guid":{"rendered":"https:\/\/www.atta45.se\/e-butik\/produkt\/fickkniv-av-rostfritt-stal-och-bambu-beckett\/"},"modified":"2025-10-27T16:33:50","modified_gmt":"2025-10-27T15:33:50","slug":"fickkniv-av-rostfritt-stal-och-bambu-beckett","status":"publish","type":"product","link":"https:\/\/www.atta45.se\/e-butik\/produkt\/fickkniv-av-rostfritt-stal-och-bambu-beckett\/","title":{"rendered":"Fickkniv av rostfritt st\u00e5l och bambu Beckett"},"content":{"rendered":"<p>Fickkniv av rostfritt st\u00e5l och bambu med band av PU. S\u00e4kerhetsf\u00e4ste. Individuellt f\u00f6rpackad i en brun kartong.<\/p>\n","protected":false},"excerpt":{"rendered":"<p>Fickkniv av rostfritt st\u00e5l och bambu med band av PU. S\u00e4kerhetsf\u00e4ste. Individuellt f\u00f6rpackad i en brun kartong.<\/p>\n","protected":false},"featured_media":293487,"template":"","meta":{"_acf_changed":false,"_seopress_robots_primary_cat":"","_seopress_titles_title":"","_seopress_titles_desc":"","_seopress_robots_index":""},"product_brand":[],"product_cat":[15],"product_tag":[],"class_list":{"0":"post-293486","1":"product","2":"type-product","3":"status-publish","4":"has-post-thumbnail","6":"product_cat-okategoriserad","7":"atta45_taxonomy-tema-inspiration-grona-intryck-bambu-sv","8":"atta45_taxonomy-tema-inspiration-grona-intryck-sv","9":"atta45_taxonomy-reflexer-verktyg-sakerhet-knivar-sv","10":"atta45_taxonomy-tema-inspiration-speciella-trycktekniker-name-it-sv","12":"first","13":"instock","14":"taxable","15":"shipping-taxable","16":"purchasable","17":"product-type-variable"},"acf":[],"_links":{"self":[{"href":"https:\/\/www.atta45.se\/e-butik\/wp-json\/wp\/v2\/product\/293486","targetHints":{"allow":["GET"]}}],"collection":[{"href":"https:\/\/www.atta45.se\/e-butik\/wp-json\/wp\/v2\/product"}],"about":[{"href":"https:\/\/www.atta45.se\/e-butik\/wp-json\/wp\/v2\/types\/product"}],"wp:featuredmedia":[{"embeddable":true,"href":"https:\/\/www.atta45.se\/e-butik\/wp-json\/wp\/v2\/media\/293487"}],"wp:attachment":[{"href":"https:\/\/www.atta45.se\/e-butik\/wp-json\/wp\/v2\/media?parent=293486"}],"wp:term":[{"taxonomy":"product_brand","embeddable":true,"href":"https:\/\/www.atta45.se\/e-butik\/wp-json\/wp\/v2\/product_brand?post=293486"},{"taxonomy":"product_cat","embeddable":true,"href":"https:\/\/www.atta45.se\/e-butik\/wp-json\/wp\/v2\/product_cat?post=293486"},{"taxonomy":"product_tag","embeddable":true,"href":"https:\/\/www.atta45.se\/e-butik\/wp-json\/wp\/v2\/product_tag?post=293486"}],"curies":[{"name":"wp","href":"https:\/\/api.w.org\/{rel}","templated":true}]}}