{"id":293468,"date":"2025-01-01T19:11:19","date_gmt":"2025-01-01T18:11:19","guid":{"rendered":"https:\/\/www.atta45.se\/e-butik\/produkt\/dorroppnare-i-koppar\/"},"modified":"2025-10-27T16:28:18","modified_gmt":"2025-10-27T15:28:18","slug":"dorroppnare-i-koppar","status":"publish","type":"product","link":"https:\/\/www.atta45.se\/e-butik\/produkt\/dorroppnare-i-koppar\/","title":{"rendered":"D\u00f6rr\u00f6ppnare i koppar Finnegan"},"content":{"rendered":"<p>Kombinerad d\u00f6rr- och flask\u00f6ppnare av koppar. Anv\u00e4nd d\u00f6rr\u00f6ppnare f\u00f6r att \u00f6ppna d\u00f6rrar och trycka p\u00e5 knappar i offentliga milj\u00f6er utan att beh\u00f6va r\u00f6ra vid dem.<\/p>\n","protected":false},"excerpt":{"rendered":"<p>Kombinerad d\u00f6rr- och flask\u00f6ppnare av koppar. Anv\u00e4nd d\u00f6rr\u00f6ppnare f\u00f6r att \u00f6ppna d\u00f6rrar och trycka p\u00e5 knappar i offentliga milj\u00f6er utan att beh\u00f6va r\u00f6ra vid dem.<\/p>\n","protected":false},"featured_media":70543,"template":"","meta":{"_acf_changed":false,"_seopress_robots_primary_cat":"","_seopress_titles_title":"","_seopress_titles_desc":"","_seopress_robots_index":""},"product_brand":[],"product_cat":[15],"product_tag":[],"class_list":{"0":"post-293468","1":"product","2":"type-product","3":"status-publish","4":"has-post-thumbnail","6":"product_cat-okategoriserad","7":"atta45_taxonomy-hem-hushall-flaskoppnare-sv","8":"atta45_taxonomy-halsa-sakerhet-sv","9":"atta45_taxonomy-tema-inspiration-speciella-trycktekniker-name-it-sv","10":"atta45_taxonomy-outlet-sv","11":"atta45_taxonomy-tema-inspiration-utvalda-produkter-outlet-sv","12":"atta45_taxonomy-reflexer-verktyg-sakerhet-sjukvardstillbehor-sv","14":"first","15":"instock","16":"taxable","17":"shipping-taxable","18":"purchasable","19":"product-type-variable"},"acf":[],"_links":{"self":[{"href":"https:\/\/www.atta45.se\/e-butik\/wp-json\/wp\/v2\/product\/293468","targetHints":{"allow":["GET"]}}],"collection":[{"href":"https:\/\/www.atta45.se\/e-butik\/wp-json\/wp\/v2\/product"}],"about":[{"href":"https:\/\/www.atta45.se\/e-butik\/wp-json\/wp\/v2\/types\/product"}],"wp:featuredmedia":[{"embeddable":true,"href":"https:\/\/www.atta45.se\/e-butik\/wp-json\/wp\/v2\/media\/70543"}],"wp:attachment":[{"href":"https:\/\/www.atta45.se\/e-butik\/wp-json\/wp\/v2\/media?parent=293468"}],"wp:term":[{"taxonomy":"product_brand","embeddable":true,"href":"https:\/\/www.atta45.se\/e-butik\/wp-json\/wp\/v2\/product_brand?post=293468"},{"taxonomy":"product_cat","embeddable":true,"href":"https:\/\/www.atta45.se\/e-butik\/wp-json\/wp\/v2\/product_cat?post=293468"},{"taxonomy":"product_tag","embeddable":true,"href":"https:\/\/www.atta45.se\/e-butik\/wp-json\/wp\/v2\/product_tag?post=293468"}],"curies":[{"name":"wp","href":"https:\/\/api.w.org\/{rel}","templated":true}]}}