{"id":293462,"date":"2025-01-01T19:10:28","date_gmt":"2025-01-01T18:10:28","guid":{"rendered":"https:\/\/www.atta45.se\/e-butik\/produkt\/dorroppnare-i-aluminium\/"},"modified":"2025-10-27T16:28:02","modified_gmt":"2025-10-27T15:28:02","slug":"dorroppnare-i-aluminium","status":"publish","type":"product","link":"https:\/\/www.atta45.se\/e-butik\/produkt\/dorroppnare-i-aluminium\/","title":{"rendered":"D\u00f6rr\u00f6ppnare i aluminium Jada"},"content":{"rendered":"<p>D\u00f6rr\u00f6ppnare och kapsyl\u00f6ppnare i aluminium. Anv\u00e4nds f\u00f6r att \u00f6ppna och st\u00e4nga d\u00f6rrar, f\u00f6r att slippa r\u00f6ra dem.<\/p>\n","protected":false},"excerpt":{"rendered":"<p>D\u00f6rr\u00f6ppnare och kapsyl\u00f6ppnare i aluminium. Anv\u00e4nds f\u00f6r att \u00f6ppna och st\u00e4nga d\u00f6rrar, f\u00f6r att slippa r\u00f6ra dem.<\/p>\n","protected":false},"featured_media":70525,"template":"","meta":{"_acf_changed":false,"_seopress_robots_primary_cat":"","_seopress_titles_title":"","_seopress_titles_desc":"","_seopress_robots_index":""},"product_brand":[],"product_cat":[15],"product_tag":[],"class_list":{"0":"post-293462","1":"product","2":"type-product","3":"status-publish","4":"has-post-thumbnail","6":"product_cat-okategoriserad","7":"atta45_taxonomy-hem-hushall-flaskoppnare-sv","8":"atta45_taxonomy-halsa-sakerhet-sv","9":"atta45_taxonomy-hem-hushall-sv","10":"atta45_taxonomy-tema-inspiration-speciella-trycktekniker-name-it-sv","11":"atta45_taxonomy-praktiska-ting-nyckelringar-utan-lampor-sv","12":"atta45_taxonomy-tema-inspiration-utvalda-produkter-outlet-sv","13":"atta45_taxonomy-outlet-sv","14":"atta45_taxonomy-reflexer-verktyg-sakerhet-sjukvardstillbehor-sv","16":"first","17":"instock","18":"taxable","19":"shipping-taxable","20":"purchasable","21":"product-type-variable"},"acf":[],"_links":{"self":[{"href":"https:\/\/www.atta45.se\/e-butik\/wp-json\/wp\/v2\/product\/293462","targetHints":{"allow":["GET"]}}],"collection":[{"href":"https:\/\/www.atta45.se\/e-butik\/wp-json\/wp\/v2\/product"}],"about":[{"href":"https:\/\/www.atta45.se\/e-butik\/wp-json\/wp\/v2\/types\/product"}],"wp:featuredmedia":[{"embeddable":true,"href":"https:\/\/www.atta45.se\/e-butik\/wp-json\/wp\/v2\/media\/70525"}],"wp:attachment":[{"href":"https:\/\/www.atta45.se\/e-butik\/wp-json\/wp\/v2\/media?parent=293462"}],"wp:term":[{"taxonomy":"product_brand","embeddable":true,"href":"https:\/\/www.atta45.se\/e-butik\/wp-json\/wp\/v2\/product_brand?post=293462"},{"taxonomy":"product_cat","embeddable":true,"href":"https:\/\/www.atta45.se\/e-butik\/wp-json\/wp\/v2\/product_cat?post=293462"},{"taxonomy":"product_tag","embeddable":true,"href":"https:\/\/www.atta45.se\/e-butik\/wp-json\/wp\/v2\/product_tag?post=293462"}],"curies":[{"name":"wp","href":"https:\/\/api.w.org\/{rel}","templated":true}]}}