{"id":293456,"date":"2025-01-01T19:09:39","date_gmt":"2025-01-01T18:09:39","guid":{"rendered":"https:\/\/www.atta45.se\/e-butik\/produkt\/forpackning-med-50-st-desinfektionsservetter-75-alkohol-estella\/"},"modified":"2025-10-27T16:27:49","modified_gmt":"2025-10-27T15:27:49","slug":"forpackning-med-50-st-desinfektionsservetter-75-alkohol-estella","status":"publish","type":"product","link":"https:\/\/www.atta45.se\/e-butik\/produkt\/forpackning-med-50-st-desinfektionsservetter-75-alkohol-estella\/","title":{"rendered":"Desinfektionsservetter, f\u00f6rpackning med 50 st  (75 % alkohol) Estella"},"content":{"rendered":"<p>F\u00f6rseglad f\u00f6rpackning med 50 st desinfektionsservetter (75 % alkohol).<\/p>\n","protected":false},"excerpt":{"rendered":"<p>F\u00f6rseglad f\u00f6rpackning med 50 st desinfektionsservetter (75 % alkohol).<\/p>\n","protected":false},"featured_media":70503,"template":"","meta":{"_acf_changed":false,"_seopress_robots_primary_cat":"","_seopress_titles_title":"","_seopress_titles_desc":"","_seopress_robots_index":""},"product_brand":[],"product_cat":[15],"product_tag":[],"class_list":{"0":"post-293456","1":"product","2":"type-product","3":"status-publish","4":"has-post-thumbnail","6":"product_cat-okategoriserad","7":"atta45_taxonomy-tema-inspiration-branscher-sv","8":"atta45_taxonomy-halsa-sakerhet-sv","9":"atta45_taxonomy-hem-hushall-sv","10":"atta45_taxonomy-outlet-sv","11":"atta45_taxonomy-tema-inspiration-utvalda-produkter-outlet-sv","12":"atta45_taxonomy-vaskor-resetillbehor-researtiklar-sv","13":"atta45_taxonomy-reflexer-verktyg-sakerhet-sjukvardstillbehor-sv","14":"atta45_taxonomy-tema-inspiration-branscher-skonhet-friskvard-sv","15":"atta45_taxonomy-tema-inspiration-sv","16":"atta45_taxonomy-vaskor-resetillbehor-sv","18":"first","19":"instock","20":"taxable","21":"shipping-taxable","22":"purchasable","23":"product-type-variable"},"acf":[],"_links":{"self":[{"href":"https:\/\/www.atta45.se\/e-butik\/wp-json\/wp\/v2\/product\/293456","targetHints":{"allow":["GET"]}}],"collection":[{"href":"https:\/\/www.atta45.se\/e-butik\/wp-json\/wp\/v2\/product"}],"about":[{"href":"https:\/\/www.atta45.se\/e-butik\/wp-json\/wp\/v2\/types\/product"}],"wp:featuredmedia":[{"embeddable":true,"href":"https:\/\/www.atta45.se\/e-butik\/wp-json\/wp\/v2\/media\/70503"}],"wp:attachment":[{"href":"https:\/\/www.atta45.se\/e-butik\/wp-json\/wp\/v2\/media?parent=293456"}],"wp:term":[{"taxonomy":"product_brand","embeddable":true,"href":"https:\/\/www.atta45.se\/e-butik\/wp-json\/wp\/v2\/product_brand?post=293456"},{"taxonomy":"product_cat","embeddable":true,"href":"https:\/\/www.atta45.se\/e-butik\/wp-json\/wp\/v2\/product_cat?post=293456"},{"taxonomy":"product_tag","embeddable":true,"href":"https:\/\/www.atta45.se\/e-butik\/wp-json\/wp\/v2\/product_tag?post=293456"}],"curies":[{"name":"wp","href":"https:\/\/api.w.org\/{rel}","templated":true}]}}