{"id":293452,"date":"2025-01-01T19:09:02","date_gmt":"2025-01-01T18:09:02","guid":{"rendered":"https:\/\/www.atta45.se\/e-butik\/produkt\/smartwatch-i-abs-dominic\/"},"modified":"2025-10-27T16:27:34","modified_gmt":"2025-10-27T15:27:34","slug":"smartwatch-i-abs-dominic","status":"publish","type":"product","link":"https:\/\/www.atta45.se\/e-butik\/produkt\/smartwatch-i-abs-dominic\/","title":{"rendered":"Smartwatch i ABS Dominic"},"content":{"rendered":"<p>Smartwatch i ABS och PC med armband i TPU. Tr\u00e5dl\u00f6s teknologi. Klockan har en 1,54&#8243; ISP display och \u00e4r IP67 vattent\u00e4t. Funktioner: tid, steg, avst\u00e5nd, kalorier, hj\u00e4rtfrekvens, blodtryck, meddelande, telefonfinnare, och mer. Inkluderar  USB-kabel.<\/p>\n","protected":false},"excerpt":{"rendered":"<p>Smartwatch i ABS och PC med armband i TPU. Tr\u00e5dl\u00f6s teknologi. Klockan har en 1,54&#8243; ISP display och \u00e4r IP67 vattent\u00e4t. Funktioner: tid, steg, avst\u00e5nd, kalorier, hj\u00e4rtfrekvens, blodtryck, meddelande, telefonfinnare, och mer. Inkluderar USB-kabel.<\/p>\n","protected":false},"featured_media":36924,"template":"","meta":{"_acf_changed":false,"_seopress_robots_primary_cat":"","_seopress_titles_title":"","_seopress_titles_desc":"","_seopress_robots_index":""},"product_brand":[],"product_cat":[15],"product_tag":[],"class_list":{"0":"post-293452","1":"product","2":"type-product","3":"status-publish","4":"has-post-thumbnail","6":"product_cat-okategoriserad","7":"atta45_taxonomy-elektronik-kontor-sv","8":"atta45_taxonomy-fritid-sv","9":"atta45_taxonomy-tema-inspiration-utvalda-produkter-outlet-sv","10":"atta45_taxonomy-outlet-sv","11":"atta45_taxonomy-fritid-sportartiklar-sv","12":"atta45_taxonomy-fritid-stegraknare-sv","14":"first","15":"instock","16":"taxable","17":"shipping-taxable","18":"purchasable","19":"product-type-variable"},"acf":[],"_links":{"self":[{"href":"https:\/\/www.atta45.se\/e-butik\/wp-json\/wp\/v2\/product\/293452","targetHints":{"allow":["GET"]}}],"collection":[{"href":"https:\/\/www.atta45.se\/e-butik\/wp-json\/wp\/v2\/product"}],"about":[{"href":"https:\/\/www.atta45.se\/e-butik\/wp-json\/wp\/v2\/types\/product"}],"wp:featuredmedia":[{"embeddable":true,"href":"https:\/\/www.atta45.se\/e-butik\/wp-json\/wp\/v2\/media\/36924"}],"wp:attachment":[{"href":"https:\/\/www.atta45.se\/e-butik\/wp-json\/wp\/v2\/media?parent=293452"}],"wp:term":[{"taxonomy":"product_brand","embeddable":true,"href":"https:\/\/www.atta45.se\/e-butik\/wp-json\/wp\/v2\/product_brand?post=293452"},{"taxonomy":"product_cat","embeddable":true,"href":"https:\/\/www.atta45.se\/e-butik\/wp-json\/wp\/v2\/product_cat?post=293452"},{"taxonomy":"product_tag","embeddable":true,"href":"https:\/\/www.atta45.se\/e-butik\/wp-json\/wp\/v2\/product_tag?post=293452"}],"curies":[{"name":"wp","href":"https:\/\/api.w.org\/{rel}","templated":true}]}}