{"id":293438,"date":"2025-01-01T19:07:05","date_gmt":"2025-01-01T18:07:05","guid":{"rendered":"https:\/\/www.atta45.se\/e-butik\/produkt\/nackfaste-for-ansiktsmask\/"},"modified":"2025-10-27T16:24:34","modified_gmt":"2025-10-27T15:24:34","slug":"nackfaste-for-ansiktsmask","status":"publish","type":"product","link":"https:\/\/www.atta45.se\/e-butik\/produkt\/nackfaste-for-ansiktsmask\/","title":{"rendered":"Nackf\u00e4ste f\u00f6r ansiktsmask"},"content":{"rendered":"<p>Nacksp\u00e4nne f\u00f6r munskydd tillverkad av sockerr\u00f6r. Det bio-baserade materialet som \u00e4r 100 % \u00e5tervinningsbart och kan desinficeras, har en mjuk och flexibel k\u00e4nsla f\u00f6r bra komfort. Avlastar \u00f6ronen fr\u00e5n munskyddets band.<\/p>\n","protected":false},"excerpt":{"rendered":"<p>Nacksp\u00e4nne f\u00f6r munskydd tillverkad av sockerr\u00f6r. Det bio-baserade materialet som \u00e4r 100 % \u00e5tervinningsbart och kan desinficeras, har en mjuk och flexibel k\u00e4nsla f\u00f6r bra komfort. Avlastar \u00f6ronen fr\u00e5n munskyddets band.<\/p>\n","protected":false},"featured_media":70489,"template":"","meta":{"_acf_changed":false,"_seopress_robots_primary_cat":"","_seopress_titles_title":"","_seopress_titles_desc":"","_seopress_robots_index":""},"product_brand":[],"product_cat":[15],"product_tag":[],"class_list":{"0":"post-293438","1":"product","2":"type-product","3":"status-publish","4":"has-post-thumbnail","6":"product_cat-okategoriserad","7":"atta45_taxonomy-tema-inspiration-grona-intryck-sv","8":"atta45_taxonomy-halsa-sakerhet-sv","9":"atta45_taxonomy-hem-hushall-sv","10":"atta45_taxonomy-outlet-sv","11":"atta45_taxonomy-tema-inspiration-utvalda-produkter-outlet-sv","12":"atta45_taxonomy-reflexer-verktyg-sakerhet-sjukvardstillbehor-sv","14":"first","15":"instock","16":"taxable","17":"shipping-taxable","18":"purchasable","19":"product-type-variable"},"acf":[],"_links":{"self":[{"href":"https:\/\/www.atta45.se\/e-butik\/wp-json\/wp\/v2\/product\/293438","targetHints":{"allow":["GET"]}}],"collection":[{"href":"https:\/\/www.atta45.se\/e-butik\/wp-json\/wp\/v2\/product"}],"about":[{"href":"https:\/\/www.atta45.se\/e-butik\/wp-json\/wp\/v2\/types\/product"}],"wp:featuredmedia":[{"embeddable":true,"href":"https:\/\/www.atta45.se\/e-butik\/wp-json\/wp\/v2\/media\/70489"}],"wp:attachment":[{"href":"https:\/\/www.atta45.se\/e-butik\/wp-json\/wp\/v2\/media?parent=293438"}],"wp:term":[{"taxonomy":"product_brand","embeddable":true,"href":"https:\/\/www.atta45.se\/e-butik\/wp-json\/wp\/v2\/product_brand?post=293438"},{"taxonomy":"product_cat","embeddable":true,"href":"https:\/\/www.atta45.se\/e-butik\/wp-json\/wp\/v2\/product_cat?post=293438"},{"taxonomy":"product_tag","embeddable":true,"href":"https:\/\/www.atta45.se\/e-butik\/wp-json\/wp\/v2\/product_tag?post=293438"}],"curies":[{"name":"wp","href":"https:\/\/api.w.org\/{rel}","templated":true}]}}