{"id":293356,"date":"2025-01-01T18:57:17","date_gmt":"2025-01-01T17:57:17","guid":{"rendered":"https:\/\/www.atta45.se\/e-butik\/produkt\/mobilhallare-i-aluminium\/"},"modified":"2025-10-27T16:17:17","modified_gmt":"2025-10-27T15:17:17","slug":"mobilhallare-i-aluminium","status":"publish","type":"product","link":"https:\/\/www.atta45.se\/e-butik\/produkt\/mobilhallare-i-aluminium\/","title":{"rendered":"Mobiltelefonholder Aluminium Adam"},"content":{"rendered":"<p>Bur f\u00f6r mobiltelefoner, gjord av tr\u00e4 och aluminium. H\u00e4r kan du l\u00e5sa in telefonerna n\u00e4r du intevill att de ska anv\u00e4ndas. Buren \u00e4r utrustad med USB-portar, l\u00e5s, samt tv\u00e5 sm\u00e5 nycklar.<\/p>\n","protected":false},"excerpt":{"rendered":"<p>Bur f\u00f6r mobiltelefoner, gjord av tr\u00e4 och aluminium. H\u00e4r kan du l\u00e5sa in telefonerna n\u00e4r du intevill att de ska anv\u00e4ndas. Buren \u00e4r utrustad med USB-portar, l\u00e5s, samt tv\u00e5 sm\u00e5 nycklar.<\/p>\n","protected":false},"featured_media":71441,"template":"","meta":{"_acf_changed":false,"_seopress_robots_primary_cat":"","_seopress_titles_title":"","_seopress_titles_desc":"","_seopress_robots_index":""},"product_brand":[],"product_cat":[15],"product_tag":[],"class_list":{"0":"post-293356","1":"product","2":"type-product","3":"status-publish","4":"has-post-thumbnail","6":"product_cat-okategoriserad","7":"atta45_taxonomy-tema-inspiration-grona-intryck-eco-basic-sv","8":"atta45_taxonomy-elektronik-kontor-sv","9":"atta45_taxonomy-tema-inspiration-grona-intryck-sv","10":"atta45_taxonomy-hem-hushall-sv","11":"atta45_taxonomy-tema-inspiration-speciella-trycktekniker-name-it-sv","12":"atta45_taxonomy-mobiltillbehor-mobiltillbehor-sv","13":"atta45_taxonomy-outlet-sv","14":"atta45_taxonomy-tema-inspiration-utvalda-produkter-outlet-sv","16":"first","17":"instock","18":"taxable","19":"shipping-taxable","20":"purchasable","21":"product-type-variable"},"acf":[],"_links":{"self":[{"href":"https:\/\/www.atta45.se\/e-butik\/wp-json\/wp\/v2\/product\/293356","targetHints":{"allow":["GET"]}}],"collection":[{"href":"https:\/\/www.atta45.se\/e-butik\/wp-json\/wp\/v2\/product"}],"about":[{"href":"https:\/\/www.atta45.se\/e-butik\/wp-json\/wp\/v2\/types\/product"}],"wp:featuredmedia":[{"embeddable":true,"href":"https:\/\/www.atta45.se\/e-butik\/wp-json\/wp\/v2\/media\/71441"}],"wp:attachment":[{"href":"https:\/\/www.atta45.se\/e-butik\/wp-json\/wp\/v2\/media?parent=293356"}],"wp:term":[{"taxonomy":"product_brand","embeddable":true,"href":"https:\/\/www.atta45.se\/e-butik\/wp-json\/wp\/v2\/product_brand?post=293356"},{"taxonomy":"product_cat","embeddable":true,"href":"https:\/\/www.atta45.se\/e-butik\/wp-json\/wp\/v2\/product_cat?post=293356"},{"taxonomy":"product_tag","embeddable":true,"href":"https:\/\/www.atta45.se\/e-butik\/wp-json\/wp\/v2\/product_tag?post=293356"}],"curies":[{"name":"wp","href":"https:\/\/api.w.org\/{rel}","templated":true}]}}