{"id":293290,"date":"2025-01-01T18:50:42","date_gmt":"2025-01-01T17:50:42","guid":{"rendered":"https:\/\/www.atta45.se\/e-butik\/produkt\/pennhallare-i-abs-med-magnet\/"},"modified":"2025-10-27T16:10:16","modified_gmt":"2025-10-27T15:10:16","slug":"pennhallare-i-abs-med-magnet","status":"publish","type":"product","link":"https:\/\/www.atta45.se\/e-butik\/produkt\/pennhallare-i-abs-med-magnet\/","title":{"rendered":"Pennh\u00e5llare med kulpenna ABS Rafael"},"content":{"rendered":"<p>Pennh\u00e5llare i ABS med magnet, fungerar \u00e4ven som mobilh\u00e5llare. Bl\u00e5tt bl\u00e4ck. Levereras i presentask.<\/p>\n","protected":false},"excerpt":{"rendered":"<p>Pennh\u00e5llare i ABS med magnet, fungerar \u00e4ven som mobilh\u00e5llare. Bl\u00e5tt bl\u00e4ck. Levereras i presentask.<\/p>\n","protected":false},"featured_media":27882,"template":"","meta":{"_acf_changed":false,"_seopress_robots_primary_cat":"","_seopress_titles_title":"","_seopress_titles_desc":"","_seopress_robots_index":""},"product_brand":[],"product_cat":[15],"product_tag":[],"class_list":{"0":"post-293290","1":"product","2":"type-product","3":"status-publish","4":"has-post-thumbnail","6":"product_cat-okategoriserad","7":"atta45_taxonomy-elektronik-kontor-sv","8":"atta45_taxonomy-tema-inspiration-utvalda-produkter-outlet-sv","9":"atta45_taxonomy-outlet-sv","10":"atta45_taxonomy-pennor-sv","11":"atta45_taxonomy-pennor-pennor-sv","12":"atta45_taxonomy-elektronik-kontor-pennor-sv","14":"first","15":"instock","16":"taxable","17":"shipping-taxable","18":"purchasable","19":"product-type-variable"},"acf":[],"_links":{"self":[{"href":"https:\/\/www.atta45.se\/e-butik\/wp-json\/wp\/v2\/product\/293290","targetHints":{"allow":["GET"]}}],"collection":[{"href":"https:\/\/www.atta45.se\/e-butik\/wp-json\/wp\/v2\/product"}],"about":[{"href":"https:\/\/www.atta45.se\/e-butik\/wp-json\/wp\/v2\/types\/product"}],"wp:featuredmedia":[{"embeddable":true,"href":"https:\/\/www.atta45.se\/e-butik\/wp-json\/wp\/v2\/media\/27882"}],"wp:attachment":[{"href":"https:\/\/www.atta45.se\/e-butik\/wp-json\/wp\/v2\/media?parent=293290"}],"wp:term":[{"taxonomy":"product_brand","embeddable":true,"href":"https:\/\/www.atta45.se\/e-butik\/wp-json\/wp\/v2\/product_brand?post=293290"},{"taxonomy":"product_cat","embeddable":true,"href":"https:\/\/www.atta45.se\/e-butik\/wp-json\/wp\/v2\/product_cat?post=293290"},{"taxonomy":"product_tag","embeddable":true,"href":"https:\/\/www.atta45.se\/e-butik\/wp-json\/wp\/v2\/product_tag?post=293290"}],"curies":[{"name":"wp","href":"https:\/\/api.w.org\/{rel}","templated":true}]}}