{"id":293270,"date":"2025-01-01T18:48:29","date_gmt":"2025-01-01T17:48:29","guid":{"rendered":"https:\/\/www.atta45.se\/e-butik\/produkt\/ficka-for-anteckningsbok-i-oxfordtyg-900d\/"},"modified":"2025-10-27T16:05:50","modified_gmt":"2025-10-27T15:05:50","slug":"ficka-for-anteckningsbok-i-oxfordtyg-900d","status":"publish","type":"product","link":"https:\/\/www.atta45.se\/e-butik\/produkt\/ficka-for-anteckningsbok-i-oxfordtyg-900d\/","title":{"rendered":"Ficka f\u00f6r anteckningsbok i oxfordtyg (900D) Dallas"},"content":{"rendered":"<p>Ficka f\u00f6r anteckningsbok i oxfordtyg (900D) med elastiskt band att f\u00e4sta runt anteckningsboken f\u00f6r smidig f\u00f6rvaring av t ex pennor och visitkort.<\/p>\n","protected":false},"excerpt":{"rendered":"<p>Ficka f\u00f6r anteckningsbok i oxfordtyg (900D) med elastiskt band att f\u00e4sta runt anteckningsboken f\u00f6r smidig f\u00f6rvaring av t ex pennor och visitkort.<\/p>\n","protected":false},"featured_media":19534,"template":"","meta":{"_acf_changed":false,"_seopress_robots_primary_cat":"","_seopress_titles_title":"","_seopress_titles_desc":"","_seopress_robots_index":""},"product_brand":[],"product_cat":[15],"product_tag":[],"class_list":{"0":"post-293270","1":"product","2":"type-product","3":"status-publish","4":"has-post-thumbnail","6":"product_cat-okategoriserad","7":"atta45_taxonomy-elektronik-kontor-anteckningsbocker-sv","8":"atta45_taxonomy-elektronik-kontor-kontorsartiklar-sv","9":"atta45_taxonomy-elektronik-kontor-memohallare-sv","10":"atta45_taxonomy-outlet-sv","11":"atta45_taxonomy-tema-inspiration-utvalda-produkter-outlet-sv","13":"first","14":"instock","15":"taxable","16":"shipping-taxable","17":"purchasable","18":"product-type-variable"},"acf":[],"_links":{"self":[{"href":"https:\/\/www.atta45.se\/e-butik\/wp-json\/wp\/v2\/product\/293270","targetHints":{"allow":["GET"]}}],"collection":[{"href":"https:\/\/www.atta45.se\/e-butik\/wp-json\/wp\/v2\/product"}],"about":[{"href":"https:\/\/www.atta45.se\/e-butik\/wp-json\/wp\/v2\/types\/product"}],"wp:featuredmedia":[{"embeddable":true,"href":"https:\/\/www.atta45.se\/e-butik\/wp-json\/wp\/v2\/media\/19534"}],"wp:attachment":[{"href":"https:\/\/www.atta45.se\/e-butik\/wp-json\/wp\/v2\/media?parent=293270"}],"wp:term":[{"taxonomy":"product_brand","embeddable":true,"href":"https:\/\/www.atta45.se\/e-butik\/wp-json\/wp\/v2\/product_brand?post=293270"},{"taxonomy":"product_cat","embeddable":true,"href":"https:\/\/www.atta45.se\/e-butik\/wp-json\/wp\/v2\/product_cat?post=293270"},{"taxonomy":"product_tag","embeddable":true,"href":"https:\/\/www.atta45.se\/e-butik\/wp-json\/wp\/v2\/product_tag?post=293270"}],"curies":[{"name":"wp","href":"https:\/\/api.w.org\/{rel}","templated":true}]}}