{"id":293216,"date":"2025-01-01T18:43:18","date_gmt":"2025-01-01T17:43:18","guid":{"rendered":"https:\/\/www.atta45.se\/e-butik\/produkt\/multifunktionellt-verkgyt\/"},"modified":"2025-10-27T15:55:15","modified_gmt":"2025-10-27T14:55:15","slug":"multifunktionellt-verkgyt","status":"publish","type":"product","link":"https:\/\/www.atta45.se\/e-butik\/produkt\/multifunktionellt-verkgyt\/","title":{"rendered":"Verktyg 11-i-1 i rostfritt st\u00e5l Roxie"},"content":{"rendered":"<p>Multiverktyg i rostfritt st\u00e5l med elva funktioner; kniv, konserv\u00f6ppnare, vingmutter, s\u00e5g, skruvmejsel, flask\u00f6ppnare, linjal och skriftnycklar i olika storlekar. Levereras i en p\u00e5se av PU.<\/p>\n","protected":false},"excerpt":{"rendered":"<p>Multiverktyg i rostfritt st\u00e5l med elva funktioner; kniv, konserv\u00f6ppnare, vingmutter, s\u00e5g, skruvmejsel, flask\u00f6ppnare, linjal och skriftnycklar i olika storlekar. Levereras i en p\u00e5se av PU.<\/p>\n","protected":false},"featured_media":293217,"template":"","meta":{"_acf_changed":false,"_seopress_robots_primary_cat":"","_seopress_titles_title":"","_seopress_titles_desc":"","_seopress_robots_index":""},"product_brand":[],"product_cat":[15],"product_tag":[],"class_list":{"0":"post-293216","1":"product","2":"type-product","3":"status-publish","4":"has-post-thumbnail","6":"product_cat-okategoriserad","7":"atta45_taxonomy-tema-inspiration-ogonblick-arbete-pagar-sv","8":"atta45_taxonomy-reflexer-verktyg-sakerhet-multiverktyg-sv","9":"atta45_taxonomy-tema-inspiration-sv","10":"atta45_taxonomy-reflexer-verktyg-sakerhet-verktyg-sv","12":"first","13":"instock","14":"taxable","15":"shipping-taxable","16":"purchasable","17":"product-type-variable"},"acf":[],"_links":{"self":[{"href":"https:\/\/www.atta45.se\/e-butik\/wp-json\/wp\/v2\/product\/293216","targetHints":{"allow":["GET"]}}],"collection":[{"href":"https:\/\/www.atta45.se\/e-butik\/wp-json\/wp\/v2\/product"}],"about":[{"href":"https:\/\/www.atta45.se\/e-butik\/wp-json\/wp\/v2\/types\/product"}],"wp:featuredmedia":[{"embeddable":true,"href":"https:\/\/www.atta45.se\/e-butik\/wp-json\/wp\/v2\/media\/293217"}],"wp:attachment":[{"href":"https:\/\/www.atta45.se\/e-butik\/wp-json\/wp\/v2\/media?parent=293216"}],"wp:term":[{"taxonomy":"product_brand","embeddable":true,"href":"https:\/\/www.atta45.se\/e-butik\/wp-json\/wp\/v2\/product_brand?post=293216"},{"taxonomy":"product_cat","embeddable":true,"href":"https:\/\/www.atta45.se\/e-butik\/wp-json\/wp\/v2\/product_cat?post=293216"},{"taxonomy":"product_tag","embeddable":true,"href":"https:\/\/www.atta45.se\/e-butik\/wp-json\/wp\/v2\/product_tag?post=293216"}],"curies":[{"name":"wp","href":"https:\/\/api.w.org\/{rel}","templated":true}]}}