{"id":293184,"date":"2025-01-01T18:40:52","date_gmt":"2025-01-01T17:40:52","guid":{"rendered":"https:\/\/www.atta45.se\/e-butik\/produkt\/nyckelring-med-kapsyloppare-i-aluminium\/"},"modified":"2025-10-27T15:47:51","modified_gmt":"2025-10-27T14:47:51","slug":"nyckelring-med-kapsyloppare-i-aluminium","status":"publish","type":"product","link":"https:\/\/www.atta45.se\/e-butik\/produkt\/nyckelring-med-kapsyloppare-i-aluminium\/","title":{"rendered":"Nyckelring med kapsyl\u00f6ppare i aluminium 2-in-1 Amani"},"content":{"rendered":"<p>Flask\u00f6ppnare i aluminium med nyckelh\u00e5llare med nyckelring i st\u00e5l.<\/p>\n","protected":false},"excerpt":{"rendered":"<p>Flask\u00f6ppnare i aluminium med nyckelh\u00e5llare med nyckelring i st\u00e5l.<\/p>\n","protected":false},"featured_media":71917,"template":"","meta":{"_acf_changed":false,"_seopress_robots_primary_cat":"","_seopress_titles_title":"","_seopress_titles_desc":"","_seopress_robots_index":""},"product_brand":[],"product_cat":[15],"product_tag":[],"class_list":{"0":"post-293184","1":"product","2":"type-product","3":"status-publish","4":"has-post-thumbnail","6":"product_cat-okategoriserad","7":"atta45_taxonomy-tema-inspiration-ogonblick-fargglad-lycka-sv","8":"atta45_taxonomy-hem-hushall-flaskoppnare-sv","9":"atta45_taxonomy-tema-inspiration-speciella-trycktekniker-name-it-sv","10":"atta45_taxonomy-praktiska-ting-nyckelringar-utan-lampor-sv","11":"atta45_taxonomy-tema-inspiration-utvalda-produkter-outlet-sv","12":"atta45_taxonomy-outlet-sv","13":"atta45_taxonomy-tema-inspiration-sv","15":"first","16":"instock","17":"taxable","18":"shipping-taxable","19":"purchasable","20":"product-type-variable"},"acf":[],"_links":{"self":[{"href":"https:\/\/www.atta45.se\/e-butik\/wp-json\/wp\/v2\/product\/293184","targetHints":{"allow":["GET"]}}],"collection":[{"href":"https:\/\/www.atta45.se\/e-butik\/wp-json\/wp\/v2\/product"}],"about":[{"href":"https:\/\/www.atta45.se\/e-butik\/wp-json\/wp\/v2\/types\/product"}],"wp:featuredmedia":[{"embeddable":true,"href":"https:\/\/www.atta45.se\/e-butik\/wp-json\/wp\/v2\/media\/71917"}],"wp:attachment":[{"href":"https:\/\/www.atta45.se\/e-butik\/wp-json\/wp\/v2\/media?parent=293184"}],"wp:term":[{"taxonomy":"product_brand","embeddable":true,"href":"https:\/\/www.atta45.se\/e-butik\/wp-json\/wp\/v2\/product_brand?post=293184"},{"taxonomy":"product_cat","embeddable":true,"href":"https:\/\/www.atta45.se\/e-butik\/wp-json\/wp\/v2\/product_cat?post=293184"},{"taxonomy":"product_tag","embeddable":true,"href":"https:\/\/www.atta45.se\/e-butik\/wp-json\/wp\/v2\/product_tag?post=293184"}],"curies":[{"name":"wp","href":"https:\/\/api.w.org\/{rel}","templated":true}]}}