{"id":293170,"date":"2025-01-01T18:39:19","date_gmt":"2025-01-01T17:39:19","guid":{"rendered":"https:\/\/www.atta45.se\/e-butik\/produkt\/kulspetspenna-i-bambu-3\/"},"modified":"2025-10-27T15:47:17","modified_gmt":"2025-10-27T14:47:17","slug":"kulspetspenna-i-bambu-3","status":"publish","type":"product","link":"https:\/\/www.atta45.se\/e-butik\/produkt\/kulspetspenna-i-bambu-3\/","title":{"rendered":"Kulspetspenna i bambu Hetty"},"content":{"rendered":"<p>Kulspetspenna i bambu med f\u00e4rgade detaljer i ABS och clip i metall. Bl\u00e5tt bl\u00e4ck.<\/p>\n","protected":false},"excerpt":{"rendered":"<p>Kulspetspenna i bambu med f\u00e4rgade detaljer i ABS och clip i metall. Bl\u00e5tt bl\u00e4ck.<\/p>\n","protected":false},"featured_media":27658,"template":"","meta":{"_acf_changed":false,"_seopress_robots_primary_cat":"","_seopress_titles_title":"","_seopress_titles_desc":"","_seopress_robots_index":""},"product_brand":[],"product_cat":[15],"product_tag":[],"class_list":{"0":"post-293170","1":"product","2":"type-product","3":"status-publish","4":"has-post-thumbnail","6":"product_cat-okategoriserad","7":"atta45_taxonomy-tema-inspiration-grona-intryck-bambu-sv","8":"atta45_taxonomy-tema-inspiration-grona-intryck-eco-basic-sv","9":"atta45_taxonomy-tema-inspiration-ogonblick-en-gron-planet-sv","10":"atta45_taxonomy-tema-inspiration-grona-intryck-sv","11":"atta45_taxonomy-tema-inspiration-utvalda-produkter-outlet-sv","12":"atta45_taxonomy-outlet-sv","13":"atta45_taxonomy-pennor-sv","14":"atta45_taxonomy-pennor-pennor-sv","15":"atta45_taxonomy-elektronik-kontor-pennor-sv","16":"atta45_taxonomy-tema-inspiration-sv","18":"first","19":"instock","20":"taxable","21":"shipping-taxable","22":"purchasable","23":"product-type-variable"},"acf":[],"_links":{"self":[{"href":"https:\/\/www.atta45.se\/e-butik\/wp-json\/wp\/v2\/product\/293170","targetHints":{"allow":["GET"]}}],"collection":[{"href":"https:\/\/www.atta45.se\/e-butik\/wp-json\/wp\/v2\/product"}],"about":[{"href":"https:\/\/www.atta45.se\/e-butik\/wp-json\/wp\/v2\/types\/product"}],"wp:featuredmedia":[{"embeddable":true,"href":"https:\/\/www.atta45.se\/e-butik\/wp-json\/wp\/v2\/media\/27658"}],"wp:attachment":[{"href":"https:\/\/www.atta45.se\/e-butik\/wp-json\/wp\/v2\/media?parent=293170"}],"wp:term":[{"taxonomy":"product_brand","embeddable":true,"href":"https:\/\/www.atta45.se\/e-butik\/wp-json\/wp\/v2\/product_brand?post=293170"},{"taxonomy":"product_cat","embeddable":true,"href":"https:\/\/www.atta45.se\/e-butik\/wp-json\/wp\/v2\/product_cat?post=293170"},{"taxonomy":"product_tag","embeddable":true,"href":"https:\/\/www.atta45.se\/e-butik\/wp-json\/wp\/v2\/product_tag?post=293170"}],"curies":[{"name":"wp","href":"https:\/\/api.w.org\/{rel}","templated":true}]}}