{"id":293026,"date":"2025-01-01T18:28:12","date_gmt":"2025-01-01T17:28:12","guid":{"rendered":"https:\/\/www.atta45.se\/e-butik\/produkt\/vattentat-vaska-i-polyester-210t\/"},"modified":"2025-10-27T15:20:51","modified_gmt":"2025-10-27T14:20:51","slug":"vattentat-vaska-i-polyester-210t","status":"publish","type":"product","link":"https:\/\/www.atta45.se\/e-butik\/produkt\/vattentat-vaska-i-polyester-210t\/","title":{"rendered":"V\u00e4ska Vattent\u00e4t i polyester (210T) Pia"},"content":{"rendered":"<p>Vattent\u00e4t v\u00e4ska i polyester (210T) med mobilficka i PVC och sp\u00e4nne i plast.<\/p>\n","protected":false},"excerpt":{"rendered":"<p>Vattent\u00e4t v\u00e4ska i polyester (210T) med mobilficka i PVC och sp\u00e4nne i plast.<\/p>\n","protected":false},"featured_media":36442,"template":"","meta":{"_acf_changed":false,"_seopress_robots_primary_cat":"","_seopress_titles_title":"","_seopress_titles_desc":"","_seopress_robots_index":""},"product_brand":[],"product_cat":[15],"product_tag":[],"class_list":{"0":"post-293026","1":"product","2":"type-product","3":"status-publish","4":"has-post-thumbnail","6":"product_cat-okategoriserad","7":"atta45_taxonomy-tema-inspiration-branscher-sv","8":"atta45_taxonomy-fritid-sv","9":"atta45_taxonomy-outlet-sv","10":"atta45_taxonomy-tema-inspiration-utvalda-produkter-outlet-sv","11":"atta45_taxonomy-reflexer-verktyg-sakerhet-overlevnadsprodukter-sv","12":"atta45_taxonomy-fritid-overlevnadsprodukter-sv","13":"atta45_taxonomy-tema-inspiration-branscher-rekreation-sv","14":"atta45_taxonomy-tema-inspiration-sasong-sv","15":"atta45_taxonomy-tema-inspiration-sasong-sommar-sv","16":"atta45_taxonomy-fritid-sportartiklar-sv","17":"atta45_taxonomy-vaskor-resetillbehor-sport-resvaskor-sv","18":"atta45_taxonomy-tema-inspiration-sv","19":"atta45_taxonomy-fritid-uppblasbart-strandartiklar-sv","20":"atta45_taxonomy-reflexer-verktyg-sakerhet-vaskor-sv","22":"first","23":"instock","24":"taxable","25":"shipping-taxable","26":"purchasable","27":"product-type-variable"},"acf":[],"_links":{"self":[{"href":"https:\/\/www.atta45.se\/e-butik\/wp-json\/wp\/v2\/product\/293026","targetHints":{"allow":["GET"]}}],"collection":[{"href":"https:\/\/www.atta45.se\/e-butik\/wp-json\/wp\/v2\/product"}],"about":[{"href":"https:\/\/www.atta45.se\/e-butik\/wp-json\/wp\/v2\/types\/product"}],"wp:featuredmedia":[{"embeddable":true,"href":"https:\/\/www.atta45.se\/e-butik\/wp-json\/wp\/v2\/media\/36442"}],"wp:attachment":[{"href":"https:\/\/www.atta45.se\/e-butik\/wp-json\/wp\/v2\/media?parent=293026"}],"wp:term":[{"taxonomy":"product_brand","embeddable":true,"href":"https:\/\/www.atta45.se\/e-butik\/wp-json\/wp\/v2\/product_brand?post=293026"},{"taxonomy":"product_cat","embeddable":true,"href":"https:\/\/www.atta45.se\/e-butik\/wp-json\/wp\/v2\/product_cat?post=293026"},{"taxonomy":"product_tag","embeddable":true,"href":"https:\/\/www.atta45.se\/e-butik\/wp-json\/wp\/v2\/product_tag?post=293026"}],"curies":[{"name":"wp","href":"https:\/\/api.w.org\/{rel}","templated":true}]}}