{"id":292978,"date":"2025-01-01T18:25:08","date_gmt":"2025-01-01T17:25:08","guid":{"rendered":"https:\/\/www.atta45.se\/e-butik\/produkt\/kartongkniv-aterfjadrande\/"},"modified":"2025-10-27T15:18:56","modified_gmt":"2025-10-27T14:18:56","slug":"kartongkniv-aterfjadrande","status":"publish","type":"product","link":"https:\/\/www.atta45.se\/e-butik\/produkt\/kartongkniv-aterfjadrande\/","title":{"rendered":"Kartongkniv, \u00e5terfj\u00e4drande Griffin"},"content":{"rendered":"<p>Kartongkniv med \u00e5terfj\u00e4drande mekanism. Smart d\u00e5 bladet endast \u00e4r framme n\u00e4r reglaget \u00e4r framtryckt. Minskar risken f\u00f6r olyckor.<\/p>\n","protected":false},"excerpt":{"rendered":"<p>Kartongkniv med \u00e5terfj\u00e4drande mekanism. Smart d\u00e5 bladet endast \u00e4r framme n\u00e4r reglaget \u00e4r framtryckt. Minskar risken f\u00f6r olyckor.<\/p>\n","protected":false},"featured_media":292979,"template":"","meta":{"_acf_changed":false,"_seopress_robots_primary_cat":"","_seopress_titles_title":"","_seopress_titles_desc":"","_seopress_robots_index":""},"product_brand":[],"product_cat":[15],"product_tag":[],"class_list":{"0":"post-292978","1":"product","2":"type-product","3":"status-publish","4":"has-post-thumbnail","6":"product_cat-okategoriserad","7":"atta45_taxonomy-tema-inspiration-ogonblick-arbete-pagar-sv","8":"atta45_taxonomy-tema-inspiration-branscher-sv","9":"atta45_taxonomy-reflexer-verktyg-sakerhet-knivar-sv","10":"atta45_taxonomy-tema-inspiration-branscher-konstruktion-sv","11":"atta45_taxonomy-tema-inspiration-sv","12":"atta45_taxonomy-reflexer-verktyg-sakerhet-verktyg-sv","14":"first","15":"instock","16":"taxable","17":"shipping-taxable","18":"purchasable","19":"product-type-variable"},"acf":[],"_links":{"self":[{"href":"https:\/\/www.atta45.se\/e-butik\/wp-json\/wp\/v2\/product\/292978","targetHints":{"allow":["GET"]}}],"collection":[{"href":"https:\/\/www.atta45.se\/e-butik\/wp-json\/wp\/v2\/product"}],"about":[{"href":"https:\/\/www.atta45.se\/e-butik\/wp-json\/wp\/v2\/types\/product"}],"wp:featuredmedia":[{"embeddable":true,"href":"https:\/\/www.atta45.se\/e-butik\/wp-json\/wp\/v2\/media\/292979"}],"wp:attachment":[{"href":"https:\/\/www.atta45.se\/e-butik\/wp-json\/wp\/v2\/media?parent=292978"}],"wp:term":[{"taxonomy":"product_brand","embeddable":true,"href":"https:\/\/www.atta45.se\/e-butik\/wp-json\/wp\/v2\/product_brand?post=292978"},{"taxonomy":"product_cat","embeddable":true,"href":"https:\/\/www.atta45.se\/e-butik\/wp-json\/wp\/v2\/product_cat?post=292978"},{"taxonomy":"product_tag","embeddable":true,"href":"https:\/\/www.atta45.se\/e-butik\/wp-json\/wp\/v2\/product_tag?post=292978"}],"curies":[{"name":"wp","href":"https:\/\/api.w.org\/{rel}","templated":true}]}}