{"id":292952,"date":"2025-01-01T18:24:11","date_gmt":"2025-01-01T17:24:11","guid":{"rendered":"https:\/\/www.atta45.se\/e-butik\/produkt\/brytbladskniv\/"},"modified":"2025-10-27T15:18:42","modified_gmt":"2025-10-27T14:18:42","slug":"brytbladskniv","status":"publish","type":"product","link":"https:\/\/www.atta45.se\/e-butik\/produkt\/brytbladskniv\/","title":{"rendered":"Brytbladskniv Khia"},"content":{"rendered":"<p>Brytbladskniv som g\u00f6r det l\u00e4tt att t.ex. \u00f6ppna eller sk\u00e4r ner kartonger. Knivkroppen \u00e4r i transparent plast med f\u00e4rgade detaljer.<\/p>\n","protected":false},"excerpt":{"rendered":"<p>Brytbladskniv som g\u00f6r det l\u00e4tt att t.ex. \u00f6ppna eller sk\u00e4r ner kartonger. Knivkroppen \u00e4r i transparent plast med f\u00e4rgade detaljer.<\/p>\n","protected":false},"featured_media":292953,"template":"","meta":{"_acf_changed":false,"_seopress_robots_primary_cat":"","_seopress_titles_title":"","_seopress_titles_desc":"","_seopress_robots_index":""},"product_brand":[],"product_cat":[15],"product_tag":[],"class_list":{"0":"post-292952","1":"product","2":"type-product","3":"status-publish","4":"has-post-thumbnail","6":"product_cat-okategoriserad","7":"atta45_taxonomy-tema-inspiration-ogonblick-arbete-pagar-sv","8":"atta45_taxonomy-tema-inspiration-branscher-sv","9":"atta45_taxonomy-reflexer-verktyg-sakerhet-knivar-sv","10":"atta45_taxonomy-tema-inspiration-branscher-konstruktion-sv","11":"atta45_taxonomy-tema-inspiration-utvalda-produkter-snabbleverans-sv","12":"atta45_taxonomy-tema-inspiration-speciella-trycktekniker-sv","13":"atta45_taxonomy-tema-inspiration-sv","14":"atta45_taxonomy-reflexer-verktyg-sakerhet-verktyg-sv","16":"first","17":"instock","18":"taxable","19":"shipping-taxable","20":"purchasable","21":"product-type-variable"},"acf":[],"_links":{"self":[{"href":"https:\/\/www.atta45.se\/e-butik\/wp-json\/wp\/v2\/product\/292952","targetHints":{"allow":["GET"]}}],"collection":[{"href":"https:\/\/www.atta45.se\/e-butik\/wp-json\/wp\/v2\/product"}],"about":[{"href":"https:\/\/www.atta45.se\/e-butik\/wp-json\/wp\/v2\/types\/product"}],"wp:featuredmedia":[{"embeddable":true,"href":"https:\/\/www.atta45.se\/e-butik\/wp-json\/wp\/v2\/media\/292953"}],"wp:attachment":[{"href":"https:\/\/www.atta45.se\/e-butik\/wp-json\/wp\/v2\/media?parent=292952"}],"wp:term":[{"taxonomy":"product_brand","embeddable":true,"href":"https:\/\/www.atta45.se\/e-butik\/wp-json\/wp\/v2\/product_brand?post=292952"},{"taxonomy":"product_cat","embeddable":true,"href":"https:\/\/www.atta45.se\/e-butik\/wp-json\/wp\/v2\/product_cat?post=292952"},{"taxonomy":"product_tag","embeddable":true,"href":"https:\/\/www.atta45.se\/e-butik\/wp-json\/wp\/v2\/product_tag?post=292952"}],"curies":[{"name":"wp","href":"https:\/\/api.w.org\/{rel}","templated":true}]}}