{"id":292930,"date":"2025-01-01T18:23:11","date_gmt":"2025-01-01T17:23:11","guid":{"rendered":"https:\/\/www.atta45.se\/e-butik\/produkt\/multiverktyg-i-metall\/"},"modified":"2025-10-27T15:17:15","modified_gmt":"2025-10-27T14:17:15","slug":"multiverktyg-i-metall","status":"publish","type":"product","link":"https:\/\/www.atta45.se\/e-butik\/produkt\/multiverktyg-i-metall\/","title":{"rendered":"Verktyg Metall 10-i-1 C\u00e9line"},"content":{"rendered":"<p>Multifunktionellt vertyg i metall med detaljer i ABS. Verktyget best\u00e5r av tv\u00e5 t\u00e4nger, en s\u00e5g, en kniv, tv\u00e5 skruvmejslar (en sp\u00e5r- och en stj\u00e4rnmejsel), en fil, en flask\u00f6ppnare, en fiskskrapa, en n\u00f6tkn\u00e4ppare och en linjal (inch).<\/p>\n","protected":false},"excerpt":{"rendered":"<p>Multifunktionellt vertyg i metall med detaljer i ABS. Verktyget best\u00e5r av tv\u00e5 t\u00e4nger, en s\u00e5g, en kniv, tv\u00e5 skruvmejslar (en sp\u00e5r- och en stj\u00e4rnmejsel), en fil, en flask\u00f6ppnare, en fiskskrapa, en n\u00f6tkn\u00e4ppare och en linjal (inch).<\/p>\n","protected":false},"featured_media":292931,"template":"","meta":{"_acf_changed":false,"_seopress_robots_primary_cat":"","_seopress_titles_title":"","_seopress_titles_desc":"","_seopress_robots_index":""},"product_brand":[],"product_cat":[15],"product_tag":[],"class_list":{"0":"post-292930","1":"product","2":"type-product","3":"status-publish","4":"has-post-thumbnail","6":"product_cat-okategoriserad","7":"atta45_taxonomy-tema-inspiration-ogonblick-arbete-pagar-sv","8":"atta45_taxonomy-reflexer-verktyg-sakerhet-multiverktyg-sv","9":"atta45_taxonomy-tema-inspiration-sv","10":"atta45_taxonomy-reflexer-verktyg-sakerhet-verktyg-sv","12":"first","13":"instock","14":"taxable","15":"shipping-taxable","16":"purchasable","17":"product-type-variable"},"acf":[],"_links":{"self":[{"href":"https:\/\/www.atta45.se\/e-butik\/wp-json\/wp\/v2\/product\/292930","targetHints":{"allow":["GET"]}}],"collection":[{"href":"https:\/\/www.atta45.se\/e-butik\/wp-json\/wp\/v2\/product"}],"about":[{"href":"https:\/\/www.atta45.se\/e-butik\/wp-json\/wp\/v2\/types\/product"}],"wp:featuredmedia":[{"embeddable":true,"href":"https:\/\/www.atta45.se\/e-butik\/wp-json\/wp\/v2\/media\/292931"}],"wp:attachment":[{"href":"https:\/\/www.atta45.se\/e-butik\/wp-json\/wp\/v2\/media?parent=292930"}],"wp:term":[{"taxonomy":"product_brand","embeddable":true,"href":"https:\/\/www.atta45.se\/e-butik\/wp-json\/wp\/v2\/product_brand?post=292930"},{"taxonomy":"product_cat","embeddable":true,"href":"https:\/\/www.atta45.se\/e-butik\/wp-json\/wp\/v2\/product_cat?post=292930"},{"taxonomy":"product_tag","embeddable":true,"href":"https:\/\/www.atta45.se\/e-butik\/wp-json\/wp\/v2\/product_tag?post=292930"}],"curies":[{"name":"wp","href":"https:\/\/api.w.org\/{rel}","templated":true}]}}