{"id":292916,"date":"2025-01-01T18:22:22","date_gmt":"2025-01-01T17:22:22","guid":{"rendered":"https:\/\/www.atta45.se\/e-butik\/produkt\/laddningskabel-och-nyckelhallare-i-ett\/"},"modified":"2025-10-27T15:15:48","modified_gmt":"2025-10-27T14:15:48","slug":"laddningskabel-och-nyckelhallare-i-ett","status":"publish","type":"product","link":"https:\/\/www.atta45.se\/e-butik\/produkt\/laddningskabel-och-nyckelhallare-i-ett\/","title":{"rendered":"Laddningskabel och nyckelh\u00e5llare ABS Pierre"},"content":{"rendered":"<p>Laddningskabel I PVC med nyckelh\u00e5llare i ABS. Kabeln har en kontakt f\u00f6r USB och f\u00f6r Lighting kabel.<\/p>\n","protected":false},"excerpt":{"rendered":"<p>Laddningskabel I PVC med nyckelh\u00e5llare i ABS. Kabeln har en kontakt f\u00f6r USB och f\u00f6r Lighting kabel.<\/p>\n","protected":false},"featured_media":20968,"template":"","meta":{"_acf_changed":false,"_seopress_robots_primary_cat":"","_seopress_titles_title":"","_seopress_titles_desc":"","_seopress_robots_index":""},"product_brand":[],"product_cat":[15],"product_tag":[],"class_list":{"0":"post-292916","1":"product","2":"type-product","3":"status-publish","4":"has-post-thumbnail","6":"product_cat-okategoriserad","7":"atta45_taxonomy-elektronik-kontor-datortillbehor-sv","8":"atta45_taxonomy-elektronik-kontor-sv","9":"atta45_taxonomy-tema-inspiration-ogonblick-framtiden-ar-din-sv","10":"atta45_taxonomy-elektronik-kontor-kontorsartiklar-sv","11":"atta45_taxonomy-mobiltillbehor-mobiltillbehor-sv","12":"atta45_taxonomy-tema-inspiration-utvalda-produkter-outlet-sv","13":"atta45_taxonomy-outlet-sv","14":"atta45_taxonomy-tema-inspiration-sv","16":"first","17":"instock","18":"taxable","19":"shipping-taxable","20":"purchasable","21":"product-type-variable"},"acf":[],"_links":{"self":[{"href":"https:\/\/www.atta45.se\/e-butik\/wp-json\/wp\/v2\/product\/292916","targetHints":{"allow":["GET"]}}],"collection":[{"href":"https:\/\/www.atta45.se\/e-butik\/wp-json\/wp\/v2\/product"}],"about":[{"href":"https:\/\/www.atta45.se\/e-butik\/wp-json\/wp\/v2\/types\/product"}],"wp:featuredmedia":[{"embeddable":true,"href":"https:\/\/www.atta45.se\/e-butik\/wp-json\/wp\/v2\/media\/20968"}],"wp:attachment":[{"href":"https:\/\/www.atta45.se\/e-butik\/wp-json\/wp\/v2\/media?parent=292916"}],"wp:term":[{"taxonomy":"product_brand","embeddable":true,"href":"https:\/\/www.atta45.se\/e-butik\/wp-json\/wp\/v2\/product_brand?post=292916"},{"taxonomy":"product_cat","embeddable":true,"href":"https:\/\/www.atta45.se\/e-butik\/wp-json\/wp\/v2\/product_cat?post=292916"},{"taxonomy":"product_tag","embeddable":true,"href":"https:\/\/www.atta45.se\/e-butik\/wp-json\/wp\/v2\/product_tag?post=292916"}],"curies":[{"name":"wp","href":"https:\/\/api.w.org\/{rel}","templated":true}]}}