{"id":292900,"date":"2025-01-01T18:19:43","date_gmt":"2025-01-01T17:19:43","guid":{"rendered":"https:\/\/www.atta45.se\/e-butik\/produkt\/vit-kulspetspenna-for-fargad-lasergravyr\/"},"modified":"2025-10-27T15:12:55","modified_gmt":"2025-10-27T14:12:55","slug":"vit-kulspetspenna-for-fargad-lasergravyr","status":"publish","type":"product","link":"https:\/\/www.atta45.se\/e-butik\/produkt\/vit-kulspetspenna-for-fargad-lasergravyr\/","title":{"rendered":"Kulspetspenna vit f\u00f6r f\u00e4rgad lasergravyr Lise"},"content":{"rendered":"<p>Kulspetspenna i ABS och aluminium med vitt \u00f6verdrag. Pennkroppens insida och gummitoppen f\u00f6r touchsk\u00e4rmar i matchande f\u00e4rg. N\u00e4r pennan lasergraveras, visas gravyren i den underliggande f\u00e4rgen. Bl\u00e5tt bl\u00e4ck.<\/p>\n","protected":false},"excerpt":{"rendered":"<p>Kulspetspenna i ABS och aluminium med vitt \u00f6verdrag. Pennkroppens insida och gummitoppen f\u00f6r touchsk\u00e4rmar i matchande f\u00e4rg. N\u00e4r pennan lasergraveras, visas gravyren i den underliggande f\u00e4rgen. Bl\u00e5tt bl\u00e4ck.<\/p>\n","protected":false},"featured_media":27488,"template":"","meta":{"_acf_changed":false,"_seopress_robots_primary_cat":"","_seopress_titles_title":"","_seopress_titles_desc":"","_seopress_robots_index":""},"product_brand":[],"product_cat":[15],"product_tag":[],"class_list":{"0":"post-292900","1":"product","2":"type-product","3":"status-publish","4":"has-post-thumbnail","6":"product_cat-okategoriserad","7":"atta45_taxonomy-tema-inspiration-ogonblick-kontorsliv-sv","8":"atta45_taxonomy-tema-inspiration-speciella-trycktekniker-name-it-sv","9":"atta45_taxonomy-tema-inspiration-utvalda-produkter-outlet-sv","10":"atta45_taxonomy-outlet-sv","11":"atta45_taxonomy-pennor-pennor-sv","12":"atta45_taxonomy-elektronik-kontor-pennor-sv","13":"atta45_taxonomy-pennor-sv","14":"atta45_taxonomy-pennor-stylus-touchscreen-sv","15":"atta45_taxonomy-elektronik-kontor-stylus-touchscreen-sv","16":"atta45_taxonomy-tema-inspiration-sv","18":"first","19":"instock","20":"taxable","21":"shipping-taxable","22":"purchasable","23":"product-type-variable"},"acf":[],"_links":{"self":[{"href":"https:\/\/www.atta45.se\/e-butik\/wp-json\/wp\/v2\/product\/292900","targetHints":{"allow":["GET"]}}],"collection":[{"href":"https:\/\/www.atta45.se\/e-butik\/wp-json\/wp\/v2\/product"}],"about":[{"href":"https:\/\/www.atta45.se\/e-butik\/wp-json\/wp\/v2\/types\/product"}],"wp:featuredmedia":[{"embeddable":true,"href":"https:\/\/www.atta45.se\/e-butik\/wp-json\/wp\/v2\/media\/27488"}],"wp:attachment":[{"href":"https:\/\/www.atta45.se\/e-butik\/wp-json\/wp\/v2\/media?parent=292900"}],"wp:term":[{"taxonomy":"product_brand","embeddable":true,"href":"https:\/\/www.atta45.se\/e-butik\/wp-json\/wp\/v2\/product_brand?post=292900"},{"taxonomy":"product_cat","embeddable":true,"href":"https:\/\/www.atta45.se\/e-butik\/wp-json\/wp\/v2\/product_cat?post=292900"},{"taxonomy":"product_tag","embeddable":true,"href":"https:\/\/www.atta45.se\/e-butik\/wp-json\/wp\/v2\/product_tag?post=292900"}],"curies":[{"name":"wp","href":"https:\/\/api.w.org\/{rel}","templated":true}]}}