{"id":292894,"date":"2025-01-01T18:19:01","date_gmt":"2025-01-01T17:19:01","guid":{"rendered":"https:\/\/www.atta45.se\/e-butik\/produkt\/mobilring-i-abs\/"},"modified":"2025-10-27T15:10:33","modified_gmt":"2025-10-27T14:10:33","slug":"mobilring-i-abs","status":"publish","type":"product","link":"https:\/\/www.atta45.se\/e-butik\/produkt\/mobilring-i-abs\/","title":{"rendered":"Mobilring i ABS Brandy"},"content":{"rendered":"<p>Ring av ABS f\u00f6r mobilen. Sj\u00e4lvh\u00e4ftande. Ringen m\u00e4ter 3 cm diameter.<\/p>\n","protected":false},"excerpt":{"rendered":"<p>Ring av ABS f\u00f6r mobilen. Sj\u00e4lvh\u00e4ftande. Ringen m\u00e4ter 3 cm diameter.<\/p>\n","protected":false},"featured_media":98021,"template":"","meta":{"_acf_changed":false,"_seopress_robots_primary_cat":"","_seopress_titles_title":"","_seopress_titles_desc":"","_seopress_robots_index":""},"product_brand":[],"product_cat":[15],"product_tag":[],"class_list":{"0":"post-292894","1":"product","2":"type-product","3":"status-publish","4":"has-post-thumbnail","6":"product_cat-okategoriserad","7":"atta45_taxonomy-elektronik-kontor-sv","8":"atta45_taxonomy-mobiltillbehor-mobiltillbehor-sv","9":"atta45_taxonomy-outlet-sv","10":"atta45_taxonomy-tema-inspiration-utvalda-produkter-outlet-sv","12":"first","13":"instock","14":"taxable","15":"shipping-taxable","16":"purchasable","17":"product-type-variable"},"acf":[],"_links":{"self":[{"href":"https:\/\/www.atta45.se\/e-butik\/wp-json\/wp\/v2\/product\/292894","targetHints":{"allow":["GET"]}}],"collection":[{"href":"https:\/\/www.atta45.se\/e-butik\/wp-json\/wp\/v2\/product"}],"about":[{"href":"https:\/\/www.atta45.se\/e-butik\/wp-json\/wp\/v2\/types\/product"}],"wp:featuredmedia":[{"embeddable":true,"href":"https:\/\/www.atta45.se\/e-butik\/wp-json\/wp\/v2\/media\/98021"}],"wp:attachment":[{"href":"https:\/\/www.atta45.se\/e-butik\/wp-json\/wp\/v2\/media?parent=292894"}],"wp:term":[{"taxonomy":"product_brand","embeddable":true,"href":"https:\/\/www.atta45.se\/e-butik\/wp-json\/wp\/v2\/product_brand?post=292894"},{"taxonomy":"product_cat","embeddable":true,"href":"https:\/\/www.atta45.se\/e-butik\/wp-json\/wp\/v2\/product_cat?post=292894"},{"taxonomy":"product_tag","embeddable":true,"href":"https:\/\/www.atta45.se\/e-butik\/wp-json\/wp\/v2\/product_tag?post=292894"}],"curies":[{"name":"wp","href":"https:\/\/api.w.org\/{rel}","templated":true}]}}