{"id":292882,"date":"2025-01-01T18:17:31","date_gmt":"2025-01-01T17:17:31","guid":{"rendered":"https:\/\/www.atta45.se\/e-butik\/produkt\/midjevaska-i-oxfordtyg-ellie\/"},"modified":"2025-10-27T15:08:50","modified_gmt":"2025-10-27T14:08:50","slug":"midjevaska-i-oxfordtyg-ellie","status":"publish","type":"product","link":"https:\/\/www.atta45.se\/e-butik\/produkt\/midjevaska-i-oxfordtyg-ellie\/","title":{"rendered":"Midjev\u00e4ska i oxfordtyg Ellie"},"content":{"rendered":"<p>Midjev\u00e4ska i oxfordtyg (600D) med dragkedja och ficka i fronten samt en reglerbar rem med f\u00e4ste i plast.<\/p>\n","protected":false},"excerpt":{"rendered":"<p>Midjev\u00e4ska i oxfordtyg (600D) med dragkedja och ficka i fronten samt en reglerbar rem med f\u00e4ste i plast.<\/p>\n","protected":false},"featured_media":100084,"template":"","meta":{"_acf_changed":false,"_seopress_robots_primary_cat":"","_seopress_titles_title":"","_seopress_titles_desc":"","_seopress_robots_index":""},"product_brand":[],"product_cat":[15],"product_tag":[],"class_list":{"0":"post-292882","1":"product","2":"type-product","3":"status-publish","4":"has-post-thumbnail","6":"product_cat-okategoriserad","7":"atta45_taxonomy-vaskor-resetillbehor-midjevaska-sv","8":"atta45_taxonomy-outlet-sv","9":"atta45_taxonomy-tema-inspiration-utvalda-produkter-outlet-sv","10":"atta45_taxonomy-vaskor-resetillbehor-sv","12":"first","13":"instock","14":"taxable","15":"shipping-taxable","16":"purchasable","17":"product-type-variable"},"acf":[],"_links":{"self":[{"href":"https:\/\/www.atta45.se\/e-butik\/wp-json\/wp\/v2\/product\/292882","targetHints":{"allow":["GET"]}}],"collection":[{"href":"https:\/\/www.atta45.se\/e-butik\/wp-json\/wp\/v2\/product"}],"about":[{"href":"https:\/\/www.atta45.se\/e-butik\/wp-json\/wp\/v2\/types\/product"}],"wp:featuredmedia":[{"embeddable":true,"href":"https:\/\/www.atta45.se\/e-butik\/wp-json\/wp\/v2\/media\/100084"}],"wp:attachment":[{"href":"https:\/\/www.atta45.se\/e-butik\/wp-json\/wp\/v2\/media?parent=292882"}],"wp:term":[{"taxonomy":"product_brand","embeddable":true,"href":"https:\/\/www.atta45.se\/e-butik\/wp-json\/wp\/v2\/product_brand?post=292882"},{"taxonomy":"product_cat","embeddable":true,"href":"https:\/\/www.atta45.se\/e-butik\/wp-json\/wp\/v2\/product_cat?post=292882"},{"taxonomy":"product_tag","embeddable":true,"href":"https:\/\/www.atta45.se\/e-butik\/wp-json\/wp\/v2\/product_tag?post=292882"}],"curies":[{"name":"wp","href":"https:\/\/api.w.org\/{rel}","templated":true}]}}