{"id":292832,"date":"2025-01-01T18:13:27","date_gmt":"2025-01-01T17:13:27","guid":{"rendered":"https:\/\/www.atta45.se\/e-butik\/produkt\/logoband-tpe-och-laddningskabel-i-ett\/"},"modified":"2025-10-27T15:07:04","modified_gmt":"2025-10-27T14:07:04","slug":"logoband-tpe-och-laddningskabel-i-ett","status":"publish","type":"product","link":"https:\/\/www.atta45.se\/e-butik\/produkt\/logoband-tpe-och-laddningskabel-i-ett\/","title":{"rendered":"Logoband TPE och laddningskabel i ett Marguerite"},"content":{"rendered":"<p>Nyckelband och laddningskabel i ett. Kabelns l\u00e4ngd \u00e4r ca 90 cm, med USB- och micro USB-uttag. Den rektangul\u00e4ra st\u00e4ngningen har en karbinhake i metall.<\/p>\n","protected":false},"excerpt":{"rendered":"<p>Nyckelband och laddningskabel i ett. Kabelns l\u00e4ngd \u00e4r ca 90 cm, med USB- och micro USB-uttag. Den rektangul\u00e4ra st\u00e4ngningen har en karbinhake i metall.<\/p>\n","protected":false},"featured_media":20864,"template":"","meta":{"_acf_changed":false,"_seopress_robots_primary_cat":"","_seopress_titles_title":"","_seopress_titles_desc":"","_seopress_robots_index":""},"product_brand":[],"product_cat":[15],"product_tag":[],"class_list":{"0":"post-292832","1":"product","2":"type-product","3":"status-publish","4":"has-post-thumbnail","6":"product_cat-okategoriserad","7":"atta45_taxonomy-elektronik-kontor-datortillbehor-sv","8":"atta45_taxonomy-elektronik-kontor-sv","9":"atta45_taxonomy-tema-inspiration-ogonblick-framtiden-ar-din-sv","10":"atta45_taxonomy-elektronik-kontor-kontorsartiklar-sv","11":"atta45_taxonomy-mobiltillbehor-mobiltillbehor-sv","12":"atta45_taxonomy-tema-inspiration-utvalda-produkter-outlet-sv","13":"atta45_taxonomy-outlet-sv","14":"atta45_taxonomy-tema-inspiration-sv","16":"first","17":"instock","18":"taxable","19":"shipping-taxable","20":"purchasable","21":"product-type-variable"},"acf":[],"_links":{"self":[{"href":"https:\/\/www.atta45.se\/e-butik\/wp-json\/wp\/v2\/product\/292832","targetHints":{"allow":["GET"]}}],"collection":[{"href":"https:\/\/www.atta45.se\/e-butik\/wp-json\/wp\/v2\/product"}],"about":[{"href":"https:\/\/www.atta45.se\/e-butik\/wp-json\/wp\/v2\/types\/product"}],"wp:featuredmedia":[{"embeddable":true,"href":"https:\/\/www.atta45.se\/e-butik\/wp-json\/wp\/v2\/media\/20864"}],"wp:attachment":[{"href":"https:\/\/www.atta45.se\/e-butik\/wp-json\/wp\/v2\/media?parent=292832"}],"wp:term":[{"taxonomy":"product_brand","embeddable":true,"href":"https:\/\/www.atta45.se\/e-butik\/wp-json\/wp\/v2\/product_brand?post=292832"},{"taxonomy":"product_cat","embeddable":true,"href":"https:\/\/www.atta45.se\/e-butik\/wp-json\/wp\/v2\/product_cat?post=292832"},{"taxonomy":"product_tag","embeddable":true,"href":"https:\/\/www.atta45.se\/e-butik\/wp-json\/wp\/v2\/product_tag?post=292832"}],"curies":[{"name":"wp","href":"https:\/\/api.w.org\/{rel}","templated":true}]}}