{"id":292814,"date":"2025-01-01T18:11:12","date_gmt":"2025-01-01T17:11:12","guid":{"rendered":"https:\/\/www.atta45.se\/e-butik\/produkt\/rpet-plysch-leksaksbjornen-samuel\/"},"modified":"2025-10-27T15:02:45","modified_gmt":"2025-10-27T14:02:45","slug":"rpet-plysch-leksaksbjornen-samuel","status":"publish","type":"product","link":"https:\/\/www.atta45.se\/e-butik\/produkt\/rpet-plysch-leksaksbjornen-samuel\/","title":{"rendered":"Plysch leksaksbj\u00f6rn RPET Samuel"},"content":{"rendered":"<p>RPET Plysch leksaksbj\u00f6rn. F\u00f6rpackad i en bomullsp\u00e5se.<\/p>\n","protected":false},"excerpt":{"rendered":"<p>RPET Plysch leksaksbj\u00f6rn. F\u00f6rpackad i en bomullsp\u00e5se.<\/p>\n","protected":false},"featured_media":61271,"template":"","meta":{"_acf_changed":false,"_seopress_robots_primary_cat":"","_seopress_titles_title":"","_seopress_titles_desc":"","_seopress_robots_index":""},"product_brand":[],"product_cat":[15],"product_tag":[],"class_list":{"0":"post-292814","1":"product","2":"type-product","3":"status-publish","4":"has-post-thumbnail","6":"product_cat-okategoriserad","7":"atta45_taxonomy-tema-inspiration-ogonblick-arsslut-sv","8":"atta45_taxonomy-nyheter-sv","9":"atta45_taxonomy-tema-inspiration-utvalda-produkter-nyheter-sv","10":"atta45_taxonomy-tema-inspiration-utvalda-produkter-outlet-sv","11":"atta45_taxonomy-outlet-sv","12":"atta45_taxonomy-fritid-spel-leksaker-plysch-sv","13":"atta45_taxonomy-fritid-spel-leksaker-sv","14":"atta45_taxonomy-tema-inspiration-sv","16":"first","17":"instock","18":"taxable","19":"shipping-taxable","20":"purchasable","21":"product-type-variable"},"acf":[],"_links":{"self":[{"href":"https:\/\/www.atta45.se\/e-butik\/wp-json\/wp\/v2\/product\/292814","targetHints":{"allow":["GET"]}}],"collection":[{"href":"https:\/\/www.atta45.se\/e-butik\/wp-json\/wp\/v2\/product"}],"about":[{"href":"https:\/\/www.atta45.se\/e-butik\/wp-json\/wp\/v2\/types\/product"}],"wp:featuredmedia":[{"embeddable":true,"href":"https:\/\/www.atta45.se\/e-butik\/wp-json\/wp\/v2\/media\/61271"}],"wp:attachment":[{"href":"https:\/\/www.atta45.se\/e-butik\/wp-json\/wp\/v2\/media?parent=292814"}],"wp:term":[{"taxonomy":"product_brand","embeddable":true,"href":"https:\/\/www.atta45.se\/e-butik\/wp-json\/wp\/v2\/product_brand?post=292814"},{"taxonomy":"product_cat","embeddable":true,"href":"https:\/\/www.atta45.se\/e-butik\/wp-json\/wp\/v2\/product_cat?post=292814"},{"taxonomy":"product_tag","embeddable":true,"href":"https:\/\/www.atta45.se\/e-butik\/wp-json\/wp\/v2\/product_tag?post=292814"}],"curies":[{"name":"wp","href":"https:\/\/api.w.org\/{rel}","templated":true}]}}