{"id":292762,"date":"2025-01-01T18:06:25","date_gmt":"2025-01-01T17:06:25","guid":{"rendered":"https:\/\/www.atta45.se\/e-butik\/produkt\/multifunktionellt-sakerhetsverktyg\/"},"modified":"2025-10-27T14:50:37","modified_gmt":"2025-10-27T13:50:37","slug":"multifunktionellt-sakerhetsverktyg","status":"publish","type":"product","link":"https:\/\/www.atta45.se\/e-butik\/produkt\/multifunktionellt-sakerhetsverktyg\/","title":{"rendered":"S\u00e4kerhetsverktyg ABS 3-i-1 multifunktionellt"},"content":{"rendered":"<p>Multifunktionellt s\u00e4kerhetsverktyg f\u00f6r bilen. Verktyget har en COB ficklampa med fyra LED-lampor, hammare f\u00f6r bilglas samt b\u00e4lteskniv. Glashammaren och b\u00e4ltenskniven har transparenta skyddslock. Verktyget har en magnet. 4 batterier ing\u00e5r.<\/p>\n","protected":false},"excerpt":{"rendered":"<p>Multifunktionellt s\u00e4kerhetsverktyg f\u00f6r bilen. Verktyget har en COB ficklampa med fyra LED-lampor, hammare f\u00f6r bilglas samt b\u00e4lteskniv. Glashammaren och b\u00e4ltenskniven har transparenta skyddslock. Verktyget har en magnet. 4 batterier ing\u00e5r.<\/p>\n","protected":false},"featured_media":292763,"template":"","meta":{"_acf_changed":false,"_seopress_robots_primary_cat":"","_seopress_titles_title":"","_seopress_titles_desc":"","_seopress_robots_index":""},"product_brand":[],"product_cat":[15],"product_tag":[],"class_list":{"0":"post-292762","1":"product","2":"type-product","3":"status-publish","4":"has-post-thumbnail","6":"product_cat-okategoriserad","7":"atta45_taxonomy-tema-inspiration-ogonblick-arbete-pagar-sv","8":"atta45_taxonomy-reflexer-verktyg-sakerhet-biltillbehor-sv","9":"atta45_taxonomy-tema-inspiration-branscher-sv","10":"atta45_taxonomy-tema-inspiration-branscher-fordonsindustrin-sv","11":"atta45_taxonomy-tema-inspiration-branscher-konstruktion-sv","12":"atta45_taxonomy-reflexer-verktyg-sakerhet-multiverktyg-sv","13":"atta45_taxonomy-tema-inspiration-sv","15":"first","16":"instock","17":"taxable","18":"shipping-taxable","19":"purchasable","20":"product-type-variable"},"acf":[],"_links":{"self":[{"href":"https:\/\/www.atta45.se\/e-butik\/wp-json\/wp\/v2\/product\/292762","targetHints":{"allow":["GET"]}}],"collection":[{"href":"https:\/\/www.atta45.se\/e-butik\/wp-json\/wp\/v2\/product"}],"about":[{"href":"https:\/\/www.atta45.se\/e-butik\/wp-json\/wp\/v2\/types\/product"}],"wp:featuredmedia":[{"embeddable":true,"href":"https:\/\/www.atta45.se\/e-butik\/wp-json\/wp\/v2\/media\/292763"}],"wp:attachment":[{"href":"https:\/\/www.atta45.se\/e-butik\/wp-json\/wp\/v2\/media?parent=292762"}],"wp:term":[{"taxonomy":"product_brand","embeddable":true,"href":"https:\/\/www.atta45.se\/e-butik\/wp-json\/wp\/v2\/product_brand?post=292762"},{"taxonomy":"product_cat","embeddable":true,"href":"https:\/\/www.atta45.se\/e-butik\/wp-json\/wp\/v2\/product_cat?post=292762"},{"taxonomy":"product_tag","embeddable":true,"href":"https:\/\/www.atta45.se\/e-butik\/wp-json\/wp\/v2\/product_tag?post=292762"}],"curies":[{"name":"wp","href":"https:\/\/api.w.org\/{rel}","templated":true}]}}