{"id":292718,"date":"2025-01-01T18:04:07","date_gmt":"2025-01-01T17:04:07","guid":{"rendered":"https:\/\/www.atta45.se\/e-butik\/produkt\/sakerhetslampa-i-abs-med-kardborreband-joanne\/"},"modified":"2025-10-27T14:47:24","modified_gmt":"2025-10-27T13:47:24","slug":"sakerhetslampa-i-abs-med-kardborreband-joanne","status":"publish","type":"product","link":"https:\/\/www.atta45.se\/e-butik\/produkt\/sakerhetslampa-i-abs-med-kardborreband-joanne\/","title":{"rendered":"S\u00e4kerhetslampa i ABS med kardborreband Joanne"},"content":{"rendered":"<p>S\u00e4kerhetslampa med tv\u00e5 ljusl\u00e4gen: konstant och blinkande sken. Levereras med ett kardborreband f\u00f6r att f\u00e4sta upp lampan.<\/p>\n","protected":false},"excerpt":{"rendered":"<p>S\u00e4kerhetslampa med tv\u00e5 ljusl\u00e4gen: konstant och blinkande sken. Levereras med ett kardborreband f\u00f6r att f\u00e4sta upp lampan.<\/p>\n","protected":false},"featured_media":292719,"template":"","meta":{"_acf_changed":false,"_seopress_robots_primary_cat":"","_seopress_titles_title":"","_seopress_titles_desc":"","_seopress_robots_index":""},"product_brand":[],"product_cat":[15],"product_tag":[],"class_list":{"0":"post-292718","1":"product","2":"type-product","3":"status-publish","4":"has-post-thumbnail","6":"product_cat-okategoriserad","7":"atta45_taxonomy-tema-inspiration-ogonblick-arbete-pagar-sv","8":"atta45_taxonomy-reflexer-verktyg-sakerhet-cykeltillbehor-sv","9":"atta45_taxonomy-tema-inspiration-sv","11":"first","12":"instock","13":"taxable","14":"shipping-taxable","15":"purchasable","16":"product-type-variable"},"acf":[],"_links":{"self":[{"href":"https:\/\/www.atta45.se\/e-butik\/wp-json\/wp\/v2\/product\/292718","targetHints":{"allow":["GET"]}}],"collection":[{"href":"https:\/\/www.atta45.se\/e-butik\/wp-json\/wp\/v2\/product"}],"about":[{"href":"https:\/\/www.atta45.se\/e-butik\/wp-json\/wp\/v2\/types\/product"}],"wp:featuredmedia":[{"embeddable":true,"href":"https:\/\/www.atta45.se\/e-butik\/wp-json\/wp\/v2\/media\/292719"}],"wp:attachment":[{"href":"https:\/\/www.atta45.se\/e-butik\/wp-json\/wp\/v2\/media?parent=292718"}],"wp:term":[{"taxonomy":"product_brand","embeddable":true,"href":"https:\/\/www.atta45.se\/e-butik\/wp-json\/wp\/v2\/product_brand?post=292718"},{"taxonomy":"product_cat","embeddable":true,"href":"https:\/\/www.atta45.se\/e-butik\/wp-json\/wp\/v2\/product_cat?post=292718"},{"taxonomy":"product_tag","embeddable":true,"href":"https:\/\/www.atta45.se\/e-butik\/wp-json\/wp\/v2\/product_tag?post=292718"}],"curies":[{"name":"wp","href":"https:\/\/api.w.org\/{rel}","templated":true}]}}