{"id":292686,"date":"2025-01-01T18:01:15","date_gmt":"2025-01-01T17:01:15","guid":{"rendered":"https:\/\/www.atta45.se\/e-butik\/produkt\/sjalv-uppblasande-kylvaska\/"},"modified":"2025-10-27T14:41:30","modified_gmt":"2025-10-27T13:41:30","slug":"sjalv-uppblasande-kylvaska","status":"publish","type":"product","link":"https:\/\/www.atta45.se\/e-butik\/produkt\/sjalv-uppblasande-kylvaska\/","title":{"rendered":"Kylv\u00e4ska self-inflating (50D) Aleah"},"content":{"rendered":"<p>Kylv\u00e4ska i polyester (50D) med innerfoder av aluminiumfolie. V\u00e4skan \u00e4r sj\u00e4lvuppbl\u00e5sande via en ventil i sidan. Rymmer 12 liter.<\/p>\n","protected":false},"excerpt":{"rendered":"<p>Kylv\u00e4ska i polyester (50D) med innerfoder av aluminiumfolie. V\u00e4skan \u00e4r sj\u00e4lvuppbl\u00e5sande via en ventil i sidan. Rymmer 12 liter.<\/p>\n","protected":false},"featured_media":58955,"template":"","meta":{"_acf_changed":false,"_seopress_robots_primary_cat":"","_seopress_titles_title":"","_seopress_titles_desc":"","_seopress_robots_index":""},"product_brand":[],"product_cat":[15],"product_tag":[],"class_list":{"0":"post-292686","1":"product","2":"type-product","3":"status-publish","4":"has-post-thumbnail","6":"product_cat-okategoriserad","7":"atta45_taxonomy-vaskor-resetillbehor-kylvaskor-sv","8":"atta45_taxonomy-fritid-kylvaskor-sv","9":"atta45_taxonomy-outlet-sv","10":"atta45_taxonomy-tema-inspiration-utvalda-produkter-outlet-sv","11":"atta45_taxonomy-tema-inspiration-sasong-sv","12":"atta45_taxonomy-tema-inspiration-sasong-sommar-sv","13":"atta45_taxonomy-tema-inspiration-sv","14":"atta45_taxonomy-textil-vaskor-bagar-sv","15":"atta45_taxonomy-vaskor-resetillbehor-sv","17":"first","18":"instock","19":"taxable","20":"shipping-taxable","21":"purchasable","22":"product-type-variable"},"acf":[],"_links":{"self":[{"href":"https:\/\/www.atta45.se\/e-butik\/wp-json\/wp\/v2\/product\/292686","targetHints":{"allow":["GET"]}}],"collection":[{"href":"https:\/\/www.atta45.se\/e-butik\/wp-json\/wp\/v2\/product"}],"about":[{"href":"https:\/\/www.atta45.se\/e-butik\/wp-json\/wp\/v2\/types\/product"}],"wp:featuredmedia":[{"embeddable":true,"href":"https:\/\/www.atta45.se\/e-butik\/wp-json\/wp\/v2\/media\/58955"}],"wp:attachment":[{"href":"https:\/\/www.atta45.se\/e-butik\/wp-json\/wp\/v2\/media?parent=292686"}],"wp:term":[{"taxonomy":"product_brand","embeddable":true,"href":"https:\/\/www.atta45.se\/e-butik\/wp-json\/wp\/v2\/product_brand?post=292686"},{"taxonomy":"product_cat","embeddable":true,"href":"https:\/\/www.atta45.se\/e-butik\/wp-json\/wp\/v2\/product_cat?post=292686"},{"taxonomy":"product_tag","embeddable":true,"href":"https:\/\/www.atta45.se\/e-butik\/wp-json\/wp\/v2\/product_tag?post=292686"}],"curies":[{"name":"wp","href":"https:\/\/api.w.org\/{rel}","templated":true}]}}