{"id":292674,"date":"2025-01-01T18:00:16","date_gmt":"2025-01-01T17:00:16","guid":{"rendered":"https:\/\/www.atta45.se\/e-butik\/produkt\/laddningsbar-cykellampa-i-abs-priska\/"},"modified":"2025-10-27T14:41:17","modified_gmt":"2025-10-27T13:41:17","slug":"laddningsbar-cykellampa-i-abs-priska","status":"publish","type":"product","link":"https:\/\/www.atta45.se\/e-butik\/produkt\/laddningsbar-cykellampa-i-abs-priska\/","title":{"rendered":"Cykellampa Laddningsbar i ABS Priska"},"content":{"rendered":"<p>Laddningsbar cykellampa i ABS och PC, enkelt avtagbar fr\u00e5n h\u00e5llaren. COB LED-lamporna har fyra olika l\u00e4gen. Lampan har en silikonrem och laddas via micro USB-port. Kabel ing\u00e5r.<\/p>\n","protected":false},"excerpt":{"rendered":"<p>Laddningsbar cykellampa i ABS och PC, enkelt avtagbar fr\u00e5n h\u00e5llaren. COB LED-lamporna har fyra olika l\u00e4gen. Lampan har en silikonrem och laddas via micro USB-port. Kabel ing\u00e5r.<\/p>\n","protected":false},"featured_media":292675,"template":"","meta":{"_acf_changed":false,"_seopress_robots_primary_cat":"","_seopress_titles_title":"","_seopress_titles_desc":"","_seopress_robots_index":""},"product_brand":[],"product_cat":[15],"product_tag":[],"class_list":{"0":"post-292674","1":"product","2":"type-product","3":"status-publish","4":"has-post-thumbnail","6":"product_cat-okategoriserad","7":"atta45_taxonomy-reflexer-verktyg-sakerhet-cykeltillbehor-sv","9":"first","10":"instock","11":"taxable","12":"shipping-taxable","13":"purchasable","14":"product-type-variable"},"acf":[],"_links":{"self":[{"href":"https:\/\/www.atta45.se\/e-butik\/wp-json\/wp\/v2\/product\/292674","targetHints":{"allow":["GET"]}}],"collection":[{"href":"https:\/\/www.atta45.se\/e-butik\/wp-json\/wp\/v2\/product"}],"about":[{"href":"https:\/\/www.atta45.se\/e-butik\/wp-json\/wp\/v2\/types\/product"}],"wp:featuredmedia":[{"embeddable":true,"href":"https:\/\/www.atta45.se\/e-butik\/wp-json\/wp\/v2\/media\/292675"}],"wp:attachment":[{"href":"https:\/\/www.atta45.se\/e-butik\/wp-json\/wp\/v2\/media?parent=292674"}],"wp:term":[{"taxonomy":"product_brand","embeddable":true,"href":"https:\/\/www.atta45.se\/e-butik\/wp-json\/wp\/v2\/product_brand?post=292674"},{"taxonomy":"product_cat","embeddable":true,"href":"https:\/\/www.atta45.se\/e-butik\/wp-json\/wp\/v2\/product_cat?post=292674"},{"taxonomy":"product_tag","embeddable":true,"href":"https:\/\/www.atta45.se\/e-butik\/wp-json\/wp\/v2\/product_tag?post=292674"}],"curies":[{"name":"wp","href":"https:\/\/api.w.org\/{rel}","templated":true}]}}