{"id":292648,"date":"2025-01-01T17:56:31","date_gmt":"2025-01-01T16:56:31","guid":{"rendered":"https:\/\/www.atta45.se\/e-butik\/produkt\/hjartformad-blinklampa\/"},"modified":"2025-10-27T14:38:42","modified_gmt":"2025-10-27T13:38:42","slug":"hjartformad-blinklampa","status":"publish","type":"product","link":"https:\/\/www.atta45.se\/e-butik\/produkt\/hjartformad-blinklampa\/","title":{"rendered":"S\u00e4kerhetslampa ABS Liam"},"content":{"rendered":"<p>Blinklampa i form av ett hj\u00e4rta med b\u00e4ltesklips p\u00e5 baksidan. Kan st\u00e4llas p\u00e5 blink eller fast sken. Batterier ing\u00e5r.<\/p>\n","protected":false},"excerpt":{"rendered":"<p>Blinklampa i form av ett hj\u00e4rta med b\u00e4ltesklips p\u00e5 baksidan. Kan st\u00e4llas p\u00e5 blink eller fast sken. Batterier ing\u00e5r.<\/p>\n","protected":false},"featured_media":292649,"template":"","meta":{"_acf_changed":false,"_seopress_robots_primary_cat":"","_seopress_titles_title":"","_seopress_titles_desc":"","_seopress_robots_index":""},"product_brand":[],"product_cat":[15],"product_tag":[],"class_list":{"0":"post-292648","1":"product","2":"type-product","3":"status-publish","4":"has-post-thumbnail","6":"product_cat-okategoriserad","7":"atta45_taxonomy-tema-inspiration-ogonblick-alla-hjartans-dag-sv","8":"atta45_taxonomy-tema-inspiration-ogonblick-arbete-pagar-sv","9":"atta45_taxonomy-tema-inspiration-branscher-sv","10":"atta45_taxonomy-reflexer-verktyg-sakerhet-cykeltillbehor-sv","11":"atta45_taxonomy-tema-inspiration-ogonblick-sv","12":"atta45_taxonomy-tema-inspiration-sasong-sv","13":"atta45_taxonomy-tema-inspiration-branscher-sjukvard-sv","14":"atta45_taxonomy-tema-inspiration-sv","15":"atta45_taxonomy-tema-inspiration-sasong-vinter-sv","17":"first","18":"instock","19":"taxable","20":"shipping-taxable","21":"purchasable","22":"product-type-variable"},"acf":[],"_links":{"self":[{"href":"https:\/\/www.atta45.se\/e-butik\/wp-json\/wp\/v2\/product\/292648","targetHints":{"allow":["GET"]}}],"collection":[{"href":"https:\/\/www.atta45.se\/e-butik\/wp-json\/wp\/v2\/product"}],"about":[{"href":"https:\/\/www.atta45.se\/e-butik\/wp-json\/wp\/v2\/types\/product"}],"wp:featuredmedia":[{"embeddable":true,"href":"https:\/\/www.atta45.se\/e-butik\/wp-json\/wp\/v2\/media\/292649"}],"wp:attachment":[{"href":"https:\/\/www.atta45.se\/e-butik\/wp-json\/wp\/v2\/media?parent=292648"}],"wp:term":[{"taxonomy":"product_brand","embeddable":true,"href":"https:\/\/www.atta45.se\/e-butik\/wp-json\/wp\/v2\/product_brand?post=292648"},{"taxonomy":"product_cat","embeddable":true,"href":"https:\/\/www.atta45.se\/e-butik\/wp-json\/wp\/v2\/product_cat?post=292648"},{"taxonomy":"product_tag","embeddable":true,"href":"https:\/\/www.atta45.se\/e-butik\/wp-json\/wp\/v2\/product_tag?post=292648"}],"curies":[{"name":"wp","href":"https:\/\/api.w.org\/{rel}","templated":true}]}}