{"id":292620,"date":"2025-01-01T17:53:41","date_gmt":"2025-01-01T16:53:41","guid":{"rendered":"https:\/\/www.atta45.se\/e-butik\/produkt\/hogtalare-i-plast\/"},"modified":"2025-10-27T14:27:27","modified_gmt":"2025-10-27T13:27:27","slug":"hogtalare-i-plast","status":"publish","type":"product","link":"https:\/\/www.atta45.se\/e-butik\/produkt\/hogtalare-i-plast\/","title":{"rendered":"H\u00f6gtalare ABS 2-i-1 Renzo"},"content":{"rendered":"<p>H\u00f6gtalare i plast med 150 mAh batteri. USB-laddningskabel ing\u00e5r, ca 35 cm.<\/p>\n","protected":false},"excerpt":{"rendered":"<p>H\u00f6gtalare i plast med 150 mAh batteri. USB-laddningskabel ing\u00e5r, ca 35 cm.<\/p>\n","protected":false},"featured_media":28680,"template":"","meta":{"_acf_changed":false,"_seopress_robots_primary_cat":"","_seopress_titles_title":"","_seopress_titles_desc":"","_seopress_robots_index":""},"product_brand":[],"product_cat":[15],"product_tag":[],"class_list":{"0":"post-292620","1":"product","2":"type-product","3":"status-publish","4":"has-post-thumbnail","6":"product_cat-okategoriserad","7":"atta45_taxonomy-elektronik-kontor-sv","8":"atta45_taxonomy-tema-inspiration-ogonblick-framtiden-ar-din-sv","9":"atta45_taxonomy-outlet-sv","10":"atta45_taxonomy-tema-inspiration-utvalda-produkter-outlet-sv","11":"atta45_taxonomy-elektronik-kontor-powerbank-speakers-sv","12":"atta45_taxonomy-tema-inspiration-sv","14":"first","15":"instock","16":"taxable","17":"shipping-taxable","18":"purchasable","19":"product-type-variable"},"acf":[],"_links":{"self":[{"href":"https:\/\/www.atta45.se\/e-butik\/wp-json\/wp\/v2\/product\/292620","targetHints":{"allow":["GET"]}}],"collection":[{"href":"https:\/\/www.atta45.se\/e-butik\/wp-json\/wp\/v2\/product"}],"about":[{"href":"https:\/\/www.atta45.se\/e-butik\/wp-json\/wp\/v2\/types\/product"}],"wp:featuredmedia":[{"embeddable":true,"href":"https:\/\/www.atta45.se\/e-butik\/wp-json\/wp\/v2\/media\/28680"}],"wp:attachment":[{"href":"https:\/\/www.atta45.se\/e-butik\/wp-json\/wp\/v2\/media?parent=292620"}],"wp:term":[{"taxonomy":"product_brand","embeddable":true,"href":"https:\/\/www.atta45.se\/e-butik\/wp-json\/wp\/v2\/product_brand?post=292620"},{"taxonomy":"product_cat","embeddable":true,"href":"https:\/\/www.atta45.se\/e-butik\/wp-json\/wp\/v2\/product_cat?post=292620"},{"taxonomy":"product_tag","embeddable":true,"href":"https:\/\/www.atta45.se\/e-butik\/wp-json\/wp\/v2\/product_tag?post=292620"}],"curies":[{"name":"wp","href":"https:\/\/api.w.org\/{rel}","templated":true}]}}