{"id":292590,"date":"2025-01-01T17:50:22","date_gmt":"2025-01-01T16:50:22","guid":{"rendered":"https:\/\/www.atta45.se\/e-butik\/produkt\/strandvaska\/"},"modified":"2025-10-27T14:12:16","modified_gmt":"2025-10-27T13:12:16","slug":"strandvaska","status":"publish","type":"product","link":"https:\/\/www.atta45.se\/e-butik\/produkt\/strandvaska\/","title":{"rendered":"Strandv\u00e4ska i laminerad nonwoven (180 gr\/m\u00b2) Sana"},"content":{"rendered":"<p>F\u00e4rgstark strandv\u00e4ska med m\u00f6rkbruna handtag och magnetst\u00e4ngning p\u00e5 insidan.<\/p>\n","protected":false},"excerpt":{"rendered":"<p>F\u00e4rgstark strandv\u00e4ska med m\u00f6rkbruna handtag och magnetst\u00e4ngning p\u00e5 insidan.<\/p>\n","protected":false},"featured_media":77558,"template":"","meta":{"_acf_changed":false,"_seopress_robots_primary_cat":"","_seopress_titles_title":"","_seopress_titles_desc":"","_seopress_robots_index":""},"product_brand":[],"product_cat":[15],"product_tag":[],"class_list":{"0":"post-292590","1":"product","2":"type-product","3":"status-publish","4":"has-post-thumbnail","6":"product_cat-okategoriserad","7":"atta45_taxonomy-kassar-pasar-kassar-sv","8":"atta45_taxonomy-tema-inspiration-utvalda-produkter-outlet-sv","9":"atta45_taxonomy-outlet-sv","10":"atta45_taxonomy-vaskor-resetillbehor-ryggsackar-axelremsvaskor-sv","11":"atta45_taxonomy-tema-inspiration-sasong-sv","12":"atta45_taxonomy-tema-inspiration-sasong-sommar-sv","13":"atta45_taxonomy-tema-inspiration-ogonblick-sommargladje-sv","14":"atta45_taxonomy-vaskor-resetillbehor-strandvaskor-sv","15":"atta45_taxonomy-tema-inspiration-sv","16":"atta45_taxonomy-textil-vaskor-bagar-sv","17":"atta45_taxonomy-vaskor-resetillbehor-sv","19":"first","20":"instock","21":"taxable","22":"shipping-taxable","23":"purchasable","24":"product-type-variable"},"acf":[],"_links":{"self":[{"href":"https:\/\/www.atta45.se\/e-butik\/wp-json\/wp\/v2\/product\/292590","targetHints":{"allow":["GET"]}}],"collection":[{"href":"https:\/\/www.atta45.se\/e-butik\/wp-json\/wp\/v2\/product"}],"about":[{"href":"https:\/\/www.atta45.se\/e-butik\/wp-json\/wp\/v2\/types\/product"}],"wp:featuredmedia":[{"embeddable":true,"href":"https:\/\/www.atta45.se\/e-butik\/wp-json\/wp\/v2\/media\/77558"}],"wp:attachment":[{"href":"https:\/\/www.atta45.se\/e-butik\/wp-json\/wp\/v2\/media?parent=292590"}],"wp:term":[{"taxonomy":"product_brand","embeddable":true,"href":"https:\/\/www.atta45.se\/e-butik\/wp-json\/wp\/v2\/product_brand?post=292590"},{"taxonomy":"product_cat","embeddable":true,"href":"https:\/\/www.atta45.se\/e-butik\/wp-json\/wp\/v2\/product_cat?post=292590"},{"taxonomy":"product_tag","embeddable":true,"href":"https:\/\/www.atta45.se\/e-butik\/wp-json\/wp\/v2\/product_tag?post=292590"}],"curies":[{"name":"wp","href":"https:\/\/api.w.org\/{rel}","templated":true}]}}