{"id":292578,"date":"2025-01-01T17:49:42","date_gmt":"2025-01-01T16:49:42","guid":{"rendered":"https:\/\/www.atta45.se\/e-butik\/produkt\/bilvardsset-6-delar\/"},"modified":"2025-10-27T14:10:29","modified_gmt":"2025-10-27T13:10:29","slug":"bilvardsset-6-delar","status":"publish","type":"product","link":"https:\/\/www.atta45.se\/e-butik\/produkt\/bilvardsset-6-delar\/","title":{"rendered":"Bilv\u00e5rdsset 6 delar (600D) Lisbet"},"content":{"rendered":"<p>Bilv\u00e5rdsset i 6 delar; stabil hopvikbar hink med metallhandtag, microfiberduk, tv\u00e4ttsvamp, tv\u00e4ttvante och skrapa. Levereras i v\u00e4ska i polyester (600D) med grepp.<\/p>\n","protected":false},"excerpt":{"rendered":"<p>Bilv\u00e5rdsset i 6 delar; stabil hopvikbar hink med metallhandtag, microfiberduk, tv\u00e4ttsvamp, tv\u00e4ttvante och skrapa. Levereras i v\u00e4ska i polyester (600D) med grepp.<\/p>\n","protected":false},"featured_media":292579,"template":"","meta":{"_acf_changed":false,"_seopress_robots_primary_cat":"","_seopress_titles_title":"","_seopress_titles_desc":"","_seopress_robots_index":""},"product_brand":[],"product_cat":[15],"product_tag":[],"class_list":{"0":"post-292578","1":"product","2":"type-product","3":"status-publish","4":"has-post-thumbnail","6":"product_cat-okategoriserad","7":"atta45_taxonomy-reflexer-verktyg-sakerhet-biltillbehor-sv","8":"atta45_taxonomy-tema-inspiration-branscher-sv","9":"atta45_taxonomy-tema-inspiration-branscher-fordonsindustrin-sv","10":"atta45_taxonomy-tema-inspiration-ogonblick-pa-vagen-sv","11":"atta45_taxonomy-tema-inspiration-sv","13":"first","14":"instock","15":"taxable","16":"shipping-taxable","17":"purchasable","18":"product-type-variable"},"acf":[],"_links":{"self":[{"href":"https:\/\/www.atta45.se\/e-butik\/wp-json\/wp\/v2\/product\/292578","targetHints":{"allow":["GET"]}}],"collection":[{"href":"https:\/\/www.atta45.se\/e-butik\/wp-json\/wp\/v2\/product"}],"about":[{"href":"https:\/\/www.atta45.se\/e-butik\/wp-json\/wp\/v2\/types\/product"}],"wp:featuredmedia":[{"embeddable":true,"href":"https:\/\/www.atta45.se\/e-butik\/wp-json\/wp\/v2\/media\/292579"}],"wp:attachment":[{"href":"https:\/\/www.atta45.se\/e-butik\/wp-json\/wp\/v2\/media?parent=292578"}],"wp:term":[{"taxonomy":"product_brand","embeddable":true,"href":"https:\/\/www.atta45.se\/e-butik\/wp-json\/wp\/v2\/product_brand?post=292578"},{"taxonomy":"product_cat","embeddable":true,"href":"https:\/\/www.atta45.se\/e-butik\/wp-json\/wp\/v2\/product_cat?post=292578"},{"taxonomy":"product_tag","embeddable":true,"href":"https:\/\/www.atta45.se\/e-butik\/wp-json\/wp\/v2\/product_tag?post=292578"}],"curies":[{"name":"wp","href":"https:\/\/api.w.org\/{rel}","templated":true}]}}