{"id":292568,"date":"2025-01-01T17:49:00","date_gmt":"2025-01-01T16:49:00","guid":{"rendered":"https:\/\/www.atta45.se\/e-butik\/produkt\/bollspel-tre-delar\/"},"modified":"2025-10-27T14:09:00","modified_gmt":"2025-10-27T13:09:00","slug":"bollspel-tre-delar","status":"publish","type":"product","link":"https:\/\/www.atta45.se\/e-butik\/produkt\/bollspel-tre-delar\/","title":{"rendered":"Bollspel tre delar Lottie"},"content":{"rendered":"<p>Bollspel i tre delar. Inneh\u00e5ller 1 boll med sugkoppar samt tv\u00e5 mottagarplattor att f\u00e5nga med.<\/p>\n","protected":false},"excerpt":{"rendered":"<p>Bollspel i tre delar. Inneh\u00e5ller 1 boll med sugkoppar samt tv\u00e5 mottagarplattor att f\u00e5nga med.<\/p>\n","protected":false},"featured_media":36116,"template":"","meta":{"_acf_changed":false,"_seopress_robots_primary_cat":"","_seopress_titles_title":"","_seopress_titles_desc":"","_seopress_robots_index":""},"product_brand":[],"product_cat":[15],"product_tag":[],"class_list":{"0":"post-292568","1":"product","2":"type-product","3":"status-publish","4":"has-post-thumbnail","6":"product_cat-okategoriserad","7":"atta45_taxonomy-tema-inspiration-branscher-sv","8":"atta45_taxonomy-fritid-sv","9":"atta45_taxonomy-fritid-spel-leksaker-leksaker-sv","10":"atta45_taxonomy-tema-inspiration-utvalda-produkter-outlet-sv","11":"atta45_taxonomy-outlet-sv","12":"atta45_taxonomy-tema-inspiration-branscher-rekreation-sv","13":"atta45_taxonomy-tema-inspiration-sasong-sv","14":"atta45_taxonomy-tema-inspiration-sasong-sommar-sv","15":"atta45_taxonomy-tema-inspiration-ogonblick-sommargladje-sv","16":"atta45_taxonomy-fritid-spel-leksaker-sv","17":"atta45_taxonomy-tema-inspiration-sv","18":"atta45_taxonomy-fritid-uppblasbart-strandartiklar-sv","19":"atta45_taxonomy-fritid-spel-leksaker-uppblasbart-strandartiklar-sv","20":"atta45_taxonomy-tema-inspiration-sasong-var-sv","22":"first","23":"instock","24":"taxable","25":"shipping-taxable","26":"purchasable","27":"product-type-variable"},"acf":[],"_links":{"self":[{"href":"https:\/\/www.atta45.se\/e-butik\/wp-json\/wp\/v2\/product\/292568","targetHints":{"allow":["GET"]}}],"collection":[{"href":"https:\/\/www.atta45.se\/e-butik\/wp-json\/wp\/v2\/product"}],"about":[{"href":"https:\/\/www.atta45.se\/e-butik\/wp-json\/wp\/v2\/types\/product"}],"wp:featuredmedia":[{"embeddable":true,"href":"https:\/\/www.atta45.se\/e-butik\/wp-json\/wp\/v2\/media\/36116"}],"wp:attachment":[{"href":"https:\/\/www.atta45.se\/e-butik\/wp-json\/wp\/v2\/media?parent=292568"}],"wp:term":[{"taxonomy":"product_brand","embeddable":true,"href":"https:\/\/www.atta45.se\/e-butik\/wp-json\/wp\/v2\/product_brand?post=292568"},{"taxonomy":"product_cat","embeddable":true,"href":"https:\/\/www.atta45.se\/e-butik\/wp-json\/wp\/v2\/product_cat?post=292568"},{"taxonomy":"product_tag","embeddable":true,"href":"https:\/\/www.atta45.se\/e-butik\/wp-json\/wp\/v2\/product_tag?post=292568"}],"curies":[{"name":"wp","href":"https:\/\/api.w.org\/{rel}","templated":true}]}}