{"id":292546,"date":"2025-01-01T17:47:04","date_gmt":"2025-01-01T16:47:04","guid":{"rendered":"https:\/\/www.atta45.se\/e-butik\/produkt\/verktygsset-med-20-delar\/"},"modified":"2025-10-27T14:05:29","modified_gmt":"2025-10-27T13:05:29","slug":"verktygsset-med-20-delar","status":"publish","type":"product","link":"https:\/\/www.atta45.se\/e-butik\/produkt\/verktygsset-med-20-delar\/","title":{"rendered":"Verktygsset med 20 delar (600D) Tessa"},"content":{"rendered":"<p>Verktygsset i 20 delar i p\u00e5se av 600D oxfordtyg. Med kardborre och karbinhake i svart och silver. Setet inneh\u00e5ller: 1 st kruvmejsel, 3 st insexnycklar, 4 st hylsor, 10 st bits, 1 verktygsp\u00e5se samt 1 st f\u00f6rl\u00e4ngningshylsa.<\/p>\n","protected":false},"excerpt":{"rendered":"<p>Verktygsset i 20 delar i p\u00e5se av 600D oxfordtyg. Med kardborre och karbinhake i svart och silver. Setet inneh\u00e5ller: 1 st kruvmejsel, 3 st insexnycklar, 4 st hylsor, 10 st bits, 1 verktygsp\u00e5se samt 1 st f\u00f6rl\u00e4ngningshylsa.<\/p>\n","protected":false},"featured_media":292547,"template":"","meta":{"_acf_changed":false,"_seopress_robots_primary_cat":"","_seopress_titles_title":"","_seopress_titles_desc":"","_seopress_robots_index":""},"product_brand":[],"product_cat":[15],"product_tag":[],"class_list":{"0":"post-292546","1":"product","2":"type-product","3":"status-publish","4":"has-post-thumbnail","6":"product_cat-okategoriserad","7":"atta45_taxonomy-tema-inspiration-ogonblick-arbete-pagar-sv","8":"atta45_taxonomy-reflexer-verktyg-sakerhet-multiverktyg-sv","9":"atta45_taxonomy-tema-inspiration-sv","10":"atta45_taxonomy-reflexer-verktyg-sakerhet-verktyg-sv","12":"first","13":"instock","14":"taxable","15":"shipping-taxable","16":"purchasable","17":"product-type-variable"},"acf":[],"_links":{"self":[{"href":"https:\/\/www.atta45.se\/e-butik\/wp-json\/wp\/v2\/product\/292546","targetHints":{"allow":["GET"]}}],"collection":[{"href":"https:\/\/www.atta45.se\/e-butik\/wp-json\/wp\/v2\/product"}],"about":[{"href":"https:\/\/www.atta45.se\/e-butik\/wp-json\/wp\/v2\/types\/product"}],"wp:featuredmedia":[{"embeddable":true,"href":"https:\/\/www.atta45.se\/e-butik\/wp-json\/wp\/v2\/media\/292547"}],"wp:attachment":[{"href":"https:\/\/www.atta45.se\/e-butik\/wp-json\/wp\/v2\/media?parent=292546"}],"wp:term":[{"taxonomy":"product_brand","embeddable":true,"href":"https:\/\/www.atta45.se\/e-butik\/wp-json\/wp\/v2\/product_brand?post=292546"},{"taxonomy":"product_cat","embeddable":true,"href":"https:\/\/www.atta45.se\/e-butik\/wp-json\/wp\/v2\/product_cat?post=292546"},{"taxonomy":"product_tag","embeddable":true,"href":"https:\/\/www.atta45.se\/e-butik\/wp-json\/wp\/v2\/product_tag?post=292546"}],"curies":[{"name":"wp","href":"https:\/\/api.w.org\/{rel}","templated":true}]}}