{"id":292502,"date":"2025-01-01T17:44:00","date_gmt":"2025-01-01T16:44:00","guid":{"rendered":"https:\/\/www.atta45.se\/e-butik\/produkt\/set-med-teleskoplampa-och-skruvmejsel\/"},"modified":"2025-10-28T00:26:43","modified_gmt":"2025-10-27T23:26:43","slug":"set-med-teleskoplampa-och-skruvmejsel","status":"publish","type":"product","link":"https:\/\/www.atta45.se\/e-butik\/produkt\/set-med-teleskoplampa-och-skruvmejsel\/","title":{"rendered":"Teleskoplampa set med skruvmejsel Olivia"},"content":{"rendered":"<p>Set med ficklampa och skruvmejsel i aluminium. Ficklampan har teleskopfunktion och 3 st LED-lampr. Skruvmejseln \u00e4r i form av en penna och har 8 st olika tillh\u00f6rande bits, fyra skruvmejsel och fyra stj\u00e4rnmejsel. Levereras i svart presentask. Logom\u00e4rkning s<\/p>\n","protected":false},"excerpt":{"rendered":"<p>Set med ficklampa och skruvmejsel i aluminium. Ficklampan har teleskopfunktion och 3 st LED-lampr. Skruvmejseln \u00e4r i form av en penna och har 8 st olika tillh\u00f6rande bits, fyra skruvmejsel och fyra stj\u00e4rnmejsel. Levereras i svart presentask. Logom\u00e4rkning s<\/p>\n","protected":false},"featured_media":292503,"template":"","meta":{"_acf_changed":false,"_seopress_robots_primary_cat":"","_seopress_titles_title":"","_seopress_titles_desc":"","_seopress_robots_index":""},"product_brand":[],"product_cat":[15],"product_tag":[],"class_list":{"0":"post-292502","1":"product","2":"type-product","3":"status-publish","4":"has-post-thumbnail","6":"product_cat-okategoriserad","7":"atta45_taxonomy-tema-inspiration-ogonblick-arbete-pagar-sv","8":"atta45_taxonomy-tema-inspiration-sv","9":"atta45_taxonomy-reflexer-verktyg-sakerhet-verktyg-sv","11":"first","12":"instock","13":"taxable","14":"shipping-taxable","15":"purchasable","16":"product-type-variable"},"acf":[],"_links":{"self":[{"href":"https:\/\/www.atta45.se\/e-butik\/wp-json\/wp\/v2\/product\/292502","targetHints":{"allow":["GET"]}}],"collection":[{"href":"https:\/\/www.atta45.se\/e-butik\/wp-json\/wp\/v2\/product"}],"about":[{"href":"https:\/\/www.atta45.se\/e-butik\/wp-json\/wp\/v2\/types\/product"}],"wp:featuredmedia":[{"embeddable":true,"href":"https:\/\/www.atta45.se\/e-butik\/wp-json\/wp\/v2\/media\/292503"}],"wp:attachment":[{"href":"https:\/\/www.atta45.se\/e-butik\/wp-json\/wp\/v2\/media?parent=292502"}],"wp:term":[{"taxonomy":"product_brand","embeddable":true,"href":"https:\/\/www.atta45.se\/e-butik\/wp-json\/wp\/v2\/product_brand?post=292502"},{"taxonomy":"product_cat","embeddable":true,"href":"https:\/\/www.atta45.se\/e-butik\/wp-json\/wp\/v2\/product_cat?post=292502"},{"taxonomy":"product_tag","embeddable":true,"href":"https:\/\/www.atta45.se\/e-butik\/wp-json\/wp\/v2\/product_tag?post=292502"}],"curies":[{"name":"wp","href":"https:\/\/api.w.org\/{rel}","templated":true}]}}