{"id":292490,"date":"2025-01-01T17:42:47","date_gmt":"2025-01-01T16:42:47","guid":{"rendered":"https:\/\/www.atta45.se\/e-butik\/produkt\/vattenflaska-800-ml\/"},"modified":"2025-10-28T00:23:43","modified_gmt":"2025-10-27T23:23:43","slug":"vattenflaska-800-ml","status":"publish","type":"product","link":"https:\/\/www.atta45.se\/e-butik\/produkt\/vattenflaska-800-ml\/","title":{"rendered":"Flaska i rostfritt st\u00e5l PS och Emberly"},"content":{"rendered":"<p>Vattenflaska, 0,8 L, i plast och ring av rostfritt st\u00e5l p\u00e5 mitten, bra vid gravyr m\u00e4rkning. Lock med uppf\u00e4llbart dryckesr\u00f6r och h\u00e5llare.<\/p>\n","protected":false},"excerpt":{"rendered":"<p>Vattenflaska, 0,8 L, i plast och ring av rostfritt st\u00e5l p\u00e5 mitten, bra vid gravyr m\u00e4rkning. Lock med uppf\u00e4llbart dryckesr\u00f6r och h\u00e5llare.<\/p>\n","protected":false},"featured_media":33689,"template":"","meta":{"_acf_changed":false,"_seopress_robots_primary_cat":"","_seopress_titles_title":"","_seopress_titles_desc":"","_seopress_robots_index":""},"product_brand":[],"product_cat":[15],"product_tag":[],"class_list":{"0":"post-292490","1":"product","2":"type-product","3":"status-publish","4":"has-post-thumbnail","6":"product_cat-okategoriserad","7":"atta45_taxonomy-flaskor-sv","8":"atta45_taxonomy-tema-inspiration-speciella-trycktekniker-name-it-sv","9":"atta45_taxonomy-tema-inspiration-utvalda-produkter-outlet-sv","10":"atta45_taxonomy-outlet-sv","11":"atta45_taxonomy-tema-inspiration-ogonblick-pa-vagen-sv","12":"atta45_taxonomy-fritid-sportartiklar-sv","13":"atta45_taxonomy-tema-inspiration-ogonblick-sporthandelser-sv","14":"atta45_taxonomy-tema-inspiration-sv","15":"atta45_taxonomy-fritid-vattenflaskor-sv","17":"first","18":"instock","19":"taxable","20":"shipping-taxable","21":"purchasable","22":"product-type-variable"},"acf":[],"_links":{"self":[{"href":"https:\/\/www.atta45.se\/e-butik\/wp-json\/wp\/v2\/product\/292490","targetHints":{"allow":["GET"]}}],"collection":[{"href":"https:\/\/www.atta45.se\/e-butik\/wp-json\/wp\/v2\/product"}],"about":[{"href":"https:\/\/www.atta45.se\/e-butik\/wp-json\/wp\/v2\/types\/product"}],"wp:featuredmedia":[{"embeddable":true,"href":"https:\/\/www.atta45.se\/e-butik\/wp-json\/wp\/v2\/media\/33689"}],"wp:attachment":[{"href":"https:\/\/www.atta45.se\/e-butik\/wp-json\/wp\/v2\/media?parent=292490"}],"wp:term":[{"taxonomy":"product_brand","embeddable":true,"href":"https:\/\/www.atta45.se\/e-butik\/wp-json\/wp\/v2\/product_brand?post=292490"},{"taxonomy":"product_cat","embeddable":true,"href":"https:\/\/www.atta45.se\/e-butik\/wp-json\/wp\/v2\/product_cat?post=292490"},{"taxonomy":"product_tag","embeddable":true,"href":"https:\/\/www.atta45.se\/e-butik\/wp-json\/wp\/v2\/product_tag?post=292490"}],"curies":[{"name":"wp","href":"https:\/\/api.w.org\/{rel}","templated":true}]}}