{"id":292464,"date":"2025-01-01T17:39:51","date_gmt":"2025-01-01T16:39:51","guid":{"rendered":"https:\/\/www.atta45.se\/e-butik\/produkt\/abs-och-metalllampa-for-barbar-dator\/"},"modified":"2025-10-28T00:17:14","modified_gmt":"2025-10-27T23:17:14","slug":"abs-och-metalllampa-for-barbar-dator","status":"publish","type":"product","link":"https:\/\/www.atta45.se\/e-butik\/produkt\/abs-och-metalllampa-for-barbar-dator\/","title":{"rendered":"Laptoplampa, ABS och metall Lola"},"content":{"rendered":"<p>ABS och metall tangentbordslampa f\u00f6r b\u00e4rbar dator med flexibel arm, tre LED-lampor och USB-kontakt. F\u00f6rpackad i polybag.<\/p>\n","protected":false},"excerpt":{"rendered":"<p>ABS och metall tangentbordslampa f\u00f6r b\u00e4rbar dator med flexibel arm, tre LED-lampor och USB-kontakt. F\u00f6rpackad i polybag.<\/p>\n","protected":false},"featured_media":20622,"template":"","meta":{"_acf_changed":false,"_seopress_robots_primary_cat":"","_seopress_titles_title":"","_seopress_titles_desc":"","_seopress_robots_index":""},"product_brand":[],"product_cat":[15],"product_tag":[],"class_list":{"0":"post-292464","1":"product","2":"type-product","3":"status-publish","4":"has-post-thumbnail","6":"product_cat-okategoriserad","7":"atta45_taxonomy-elektronik-kontor-datortillbehor-sv","8":"atta45_taxonomy-elektronik-kontor-sv","9":"atta45_taxonomy-tema-inspiration-utvalda-produkter-nyheter-sv","10":"atta45_taxonomy-nyheter-sv","11":"atta45_taxonomy-outlet-sv","12":"atta45_taxonomy-tema-inspiration-utvalda-produkter-outlet-sv","13":"atta45_taxonomy-elektronik-kontor-usb-minnen-sv","15":"first","16":"instock","17":"taxable","18":"shipping-taxable","19":"purchasable","20":"product-type-variable"},"acf":[],"_links":{"self":[{"href":"https:\/\/www.atta45.se\/e-butik\/wp-json\/wp\/v2\/product\/292464","targetHints":{"allow":["GET"]}}],"collection":[{"href":"https:\/\/www.atta45.se\/e-butik\/wp-json\/wp\/v2\/product"}],"about":[{"href":"https:\/\/www.atta45.se\/e-butik\/wp-json\/wp\/v2\/types\/product"}],"wp:featuredmedia":[{"embeddable":true,"href":"https:\/\/www.atta45.se\/e-butik\/wp-json\/wp\/v2\/media\/20622"}],"wp:attachment":[{"href":"https:\/\/www.atta45.se\/e-butik\/wp-json\/wp\/v2\/media?parent=292464"}],"wp:term":[{"taxonomy":"product_brand","embeddable":true,"href":"https:\/\/www.atta45.se\/e-butik\/wp-json\/wp\/v2\/product_brand?post=292464"},{"taxonomy":"product_cat","embeddable":true,"href":"https:\/\/www.atta45.se\/e-butik\/wp-json\/wp\/v2\/product_cat?post=292464"},{"taxonomy":"product_tag","embeddable":true,"href":"https:\/\/www.atta45.se\/e-butik\/wp-json\/wp\/v2\/product_tag?post=292464"}],"curies":[{"name":"wp","href":"https:\/\/api.w.org\/{rel}","templated":true}]}}