{"id":292463,"date":"2025-01-01T17:39:25","date_gmt":"2025-01-01T16:39:25","guid":{"rendered":"https:\/\/www.atta45.se\/e-butik\/produkt\/hopprep-i-bomull\/"},"modified":"2025-10-28T00:17:00","modified_gmt":"2025-10-27T23:17:00","slug":"hopprep-i-bomull","status":"publish","type":"product","link":"https:\/\/www.atta45.se\/e-butik\/produkt\/hopprep-i-bomull\/","title":{"rendered":"Hopprep i bomull Edmund"},"content":{"rendered":"<p>Hopprep i bomull och polyester med tr\u00e4handtag. L\u00e4ngd: 2,5 meter. F\u00f6rpackad i bomullsp\u00e5se.<\/p>\n","protected":false},"excerpt":{"rendered":"<p>Hopprep i bomull och polyester med tr\u00e4handtag. L\u00e4ngd: 2,5 meter. F\u00f6rpackad i bomullsp\u00e5se.<\/p>\n","protected":false},"featured_media":0,"template":"","meta":{"_acf_changed":false,"_seopress_robots_primary_cat":"","_seopress_titles_title":"","_seopress_titles_desc":"","_seopress_robots_index":""},"product_brand":[],"product_cat":[15],"product_tag":[],"class_list":{"0":"post-292463","1":"product","2":"type-product","3":"status-publish","5":"product_cat-okategoriserad","6":"atta45_taxonomy-tema-inspiration-branscher-sv","7":"atta45_taxonomy-fritid-sv","8":"atta45_taxonomy-tema-inspiration-grona-intryck-sv","9":"atta45_taxonomy-tema-inspiration-grona-intryck-kork-sv","10":"atta45_taxonomy-fritid-spel-leksaker-leksaker-sv","11":"atta45_taxonomy-tema-inspiration-utvalda-produkter-nyheter-sv","12":"atta45_taxonomy-nyheter-sv","13":"atta45_taxonomy-tema-inspiration-branscher-rekreation-sv","14":"atta45_taxonomy-tema-inspiration-sasong-sv","15":"atta45_taxonomy-tema-inspiration-sasong-sommar-sv","16":"atta45_taxonomy-fritid-spel-leksaker-sv","17":"atta45_taxonomy-fritid-sportartiklar-sv","18":"atta45_taxonomy-tema-inspiration-sv","19":"atta45_taxonomy-tema-inspiration-branscher-utbildning-sv","20":"atta45_taxonomy-tema-inspiration-sasong-var-sv","22":"first","23":"outofstock","24":"taxable","25":"shipping-taxable","26":"product-type-variable"},"acf":[],"_links":{"self":[{"href":"https:\/\/www.atta45.se\/e-butik\/wp-json\/wp\/v2\/product\/292463","targetHints":{"allow":["GET"]}}],"collection":[{"href":"https:\/\/www.atta45.se\/e-butik\/wp-json\/wp\/v2\/product"}],"about":[{"href":"https:\/\/www.atta45.se\/e-butik\/wp-json\/wp\/v2\/types\/product"}],"wp:attachment":[{"href":"https:\/\/www.atta45.se\/e-butik\/wp-json\/wp\/v2\/media?parent=292463"}],"wp:term":[{"taxonomy":"product_brand","embeddable":true,"href":"https:\/\/www.atta45.se\/e-butik\/wp-json\/wp\/v2\/product_brand?post=292463"},{"taxonomy":"product_cat","embeddable":true,"href":"https:\/\/www.atta45.se\/e-butik\/wp-json\/wp\/v2\/product_cat?post=292463"},{"taxonomy":"product_tag","embeddable":true,"href":"https:\/\/www.atta45.se\/e-butik\/wp-json\/wp\/v2\/product_tag?post=292463"}],"curies":[{"name":"wp","href":"https:\/\/api.w.org\/{rel}","templated":true}]}}