{"id":292409,"date":"2025-01-01T17:35:15","date_gmt":"2025-01-01T16:35:15","guid":{"rendered":"https:\/\/www.atta45.se\/e-butik\/produkt\/ringklocka-i-aluminium-for-cykeln\/"},"modified":"2025-10-28T00:13:29","modified_gmt":"2025-10-27T23:13:29","slug":"ringklocka-i-aluminium-for-cykeln","status":"publish","type":"product","link":"https:\/\/www.atta45.se\/e-butik\/produkt\/ringklocka-i-aluminium-for-cykeln\/","title":{"rendered":"Cykelringklocka i aluminium Babette"},"content":{"rendered":"<p>Ringklocka i aluminium f\u00f6r cykelstyret. F\u00e4ste som dras \u00e5t med stj\u00e4rnskruv p\u00e5 undersidan.<\/p>\n","protected":false},"excerpt":{"rendered":"<p>Ringklocka i aluminium f\u00f6r cykelstyret. F\u00e4ste som dras \u00e5t med stj\u00e4rnskruv p\u00e5 undersidan.<\/p>\n","protected":false},"featured_media":292410,"template":"","meta":{"_acf_changed":false,"_seopress_robots_primary_cat":"","_seopress_titles_title":"","_seopress_titles_desc":"","_seopress_robots_index":""},"product_brand":[],"product_cat":[15],"product_tag":[],"class_list":{"0":"post-292409","1":"product","2":"type-product","3":"status-publish","4":"has-post-thumbnail","6":"product_cat-okategoriserad","7":"atta45_taxonomy-reflexer-verktyg-sakerhet-cykeltillbehor-sv","8":"atta45_taxonomy-tema-inspiration-ogonblick-pa-vagen-sv","9":"atta45_taxonomy-tema-inspiration-sv","11":"first","12":"instock","13":"taxable","14":"shipping-taxable","15":"purchasable","16":"product-type-variable"},"acf":[],"_links":{"self":[{"href":"https:\/\/www.atta45.se\/e-butik\/wp-json\/wp\/v2\/product\/292409","targetHints":{"allow":["GET"]}}],"collection":[{"href":"https:\/\/www.atta45.se\/e-butik\/wp-json\/wp\/v2\/product"}],"about":[{"href":"https:\/\/www.atta45.se\/e-butik\/wp-json\/wp\/v2\/types\/product"}],"wp:featuredmedia":[{"embeddable":true,"href":"https:\/\/www.atta45.se\/e-butik\/wp-json\/wp\/v2\/media\/292410"}],"wp:attachment":[{"href":"https:\/\/www.atta45.se\/e-butik\/wp-json\/wp\/v2\/media?parent=292409"}],"wp:term":[{"taxonomy":"product_brand","embeddable":true,"href":"https:\/\/www.atta45.se\/e-butik\/wp-json\/wp\/v2\/product_brand?post=292409"},{"taxonomy":"product_cat","embeddable":true,"href":"https:\/\/www.atta45.se\/e-butik\/wp-json\/wp\/v2\/product_cat?post=292409"},{"taxonomy":"product_tag","embeddable":true,"href":"https:\/\/www.atta45.se\/e-butik\/wp-json\/wp\/v2\/product_tag?post=292409"}],"curies":[{"name":"wp","href":"https:\/\/api.w.org\/{rel}","templated":true}]}}