{"id":29239,"date":"2024-12-26T16:41:25","date_gmt":"2024-12-26T15:41:25","guid":{"rendered":"https:\/\/www.atta45.se\/e-butik\/?post_type=product&#038;p=29239"},"modified":"2025-10-28T03:52:38","modified_gmt":"2025-10-28T02:52:38","slug":"powerbank-3-i-1-med-hogtalare-och-hallare","status":"publish","type":"product","link":"https:\/\/www.atta45.se\/e-butik\/produkt\/powerbank-3-i-1-med-hogtalare-och-hallare\/","title":{"rendered":"Powerbank 3-i-1 med h\u00f6gtalare och h\u00e5llare"},"content":{"rendered":"<p>Laddare 4000mAh med gummerad yta. Med h\u00f6gtalarfunktion. \u00d6verladdningsskydd. Passar de flesta elektroniska apparater som iPhone, Mp3\/4\/5, DC\/DV, smartphone, laptop och surfplatta.  Input\/output 5V1.0A + Audio Cable. RoHS.<\/p>\n","protected":false},"excerpt":{"rendered":"<p>Laddare 4000mAh med gummerad yta. Med h\u00f6gtalarfunktion. \u00d6verladdningsskydd. Passar de flesta elektroniska apparater som iPhone, Mp3\/4\/5, DC\/DV, smartphone, laptop och surfplatta. Input\/output 5V1.0A + Audio Cable. RoHS.<\/p>\n","protected":false},"featured_media":29240,"template":"","meta":{"_acf_changed":false,"_seopress_robots_primary_cat":"","_seopress_titles_title":"","_seopress_titles_desc":"","_seopress_robots_index":""},"product_brand":[],"product_cat":[15],"product_tag":[],"class_list":{"0":"post-29239","1":"product","2":"type-product","3":"status-publish","4":"has-post-thumbnail","6":"product_cat-okategoriserad","7":"atta45_taxonomy-mobiltillbehor-sv","8":"atta45_taxonomy-elektronik-kontor-powerbank-speakers-sv","9":"atta45_taxonomy-trading-elektronik-mobiltillbehor-powerbank-speakers-sv","11":"first","12":"instock","13":"taxable","14":"shipping-taxable","15":"purchasable","16":"product-type-variable"},"acf":[],"_links":{"self":[{"href":"https:\/\/www.atta45.se\/e-butik\/wp-json\/wp\/v2\/product\/29239","targetHints":{"allow":["GET"]}}],"collection":[{"href":"https:\/\/www.atta45.se\/e-butik\/wp-json\/wp\/v2\/product"}],"about":[{"href":"https:\/\/www.atta45.se\/e-butik\/wp-json\/wp\/v2\/types\/product"}],"wp:featuredmedia":[{"embeddable":true,"href":"https:\/\/www.atta45.se\/e-butik\/wp-json\/wp\/v2\/media\/29240"}],"wp:attachment":[{"href":"https:\/\/www.atta45.se\/e-butik\/wp-json\/wp\/v2\/media?parent=29239"}],"wp:term":[{"taxonomy":"product_brand","embeddable":true,"href":"https:\/\/www.atta45.se\/e-butik\/wp-json\/wp\/v2\/product_brand?post=29239"},{"taxonomy":"product_cat","embeddable":true,"href":"https:\/\/www.atta45.se\/e-butik\/wp-json\/wp\/v2\/product_cat?post=29239"},{"taxonomy":"product_tag","embeddable":true,"href":"https:\/\/www.atta45.se\/e-butik\/wp-json\/wp\/v2\/product_tag?post=29239"}],"curies":[{"name":"wp","href":"https:\/\/api.w.org\/{rel}","templated":true}]}}