{"id":292365,"date":"2025-01-01T17:33:44","date_gmt":"2025-01-01T16:33:44","guid":{"rendered":"https:\/\/www.atta45.se\/e-butik\/produkt\/sakerhetslampa-med-reflex-och-magnet\/"},"modified":"2025-10-28T00:12:54","modified_gmt":"2025-10-27T23:12:54","slug":"sakerhetslampa-med-reflex-och-magnet","status":"publish","type":"product","link":"https:\/\/www.atta45.se\/e-butik\/produkt\/sakerhetslampa-med-reflex-och-magnet\/","title":{"rendered":"S\u00e4kerhetslampa ABS Ofelia"},"content":{"rendered":"<p>S\u00e4kerhetslampa med kraftfull COB (chip on board) LED-lampor. Vit lampa med fast sken och r\u00f6d lampa med blinkande sken.<\/p>\n","protected":false},"excerpt":{"rendered":"<p>S\u00e4kerhetslampa med kraftfull COB (chip on board) LED-lampor. Vit lampa med fast sken och r\u00f6d lampa med blinkande sken.<\/p>\n","protected":false},"featured_media":292366,"template":"","meta":{"_acf_changed":false,"_seopress_robots_primary_cat":"","_seopress_titles_title":"","_seopress_titles_desc":"","_seopress_robots_index":""},"product_brand":[],"product_cat":[15],"product_tag":[],"class_list":{"0":"post-292365","1":"product","2":"type-product","3":"status-publish","4":"has-post-thumbnail","6":"product_cat-okategoriserad","7":"atta45_taxonomy-reflexer-verktyg-sakerhet-cykeltillbehor-sv","8":"atta45_taxonomy-tema-inspiration-ogonblick-pa-vagen-sv","9":"atta45_taxonomy-tema-inspiration-sv","11":"first","12":"instock","13":"taxable","14":"shipping-taxable","15":"purchasable","16":"product-type-variable"},"acf":[],"_links":{"self":[{"href":"https:\/\/www.atta45.se\/e-butik\/wp-json\/wp\/v2\/product\/292365","targetHints":{"allow":["GET"]}}],"collection":[{"href":"https:\/\/www.atta45.se\/e-butik\/wp-json\/wp\/v2\/product"}],"about":[{"href":"https:\/\/www.atta45.se\/e-butik\/wp-json\/wp\/v2\/types\/product"}],"wp:featuredmedia":[{"embeddable":true,"href":"https:\/\/www.atta45.se\/e-butik\/wp-json\/wp\/v2\/media\/292366"}],"wp:attachment":[{"href":"https:\/\/www.atta45.se\/e-butik\/wp-json\/wp\/v2\/media?parent=292365"}],"wp:term":[{"taxonomy":"product_brand","embeddable":true,"href":"https:\/\/www.atta45.se\/e-butik\/wp-json\/wp\/v2\/product_brand?post=292365"},{"taxonomy":"product_cat","embeddable":true,"href":"https:\/\/www.atta45.se\/e-butik\/wp-json\/wp\/v2\/product_cat?post=292365"},{"taxonomy":"product_tag","embeddable":true,"href":"https:\/\/www.atta45.se\/e-butik\/wp-json\/wp\/v2\/product_tag?post=292365"}],"curies":[{"name":"wp","href":"https:\/\/api.w.org\/{rel}","templated":true}]}}