{"id":292341,"date":"2025-01-01T17:32:22","date_gmt":"2025-01-01T16:32:22","guid":{"rendered":"https:\/\/www.atta45.se\/e-butik\/produkt\/multiverktyg-stor-10-funktioner\/"},"modified":"2025-10-28T00:12:28","modified_gmt":"2025-10-27T23:12:28","slug":"multiverktyg-stor-10-funktioner","status":"publish","type":"product","link":"https:\/\/www.atta45.se\/e-butik\/produkt\/multiverktyg-stor-10-funktioner\/","title":{"rendered":"Multiverktyg med 10 funktioner Milani"},"content":{"rendered":"<p>Stort multiverktyg, 10 funktioner, i rostfritt st\u00e5l. Snygga f\u00e4rger, bra m\u00e4rkyta och med mjuka inl\u00e4gg i handtagen som g\u00f6r den till ett n\u00f6je att arbeta med. Nylonv\u00e4ska med b\u00e4ltes\u00f6gla medf\u00f6ljer.<\/p>\n","protected":false},"excerpt":{"rendered":"<p>Stort multiverktyg, 10 funktioner, i rostfritt st\u00e5l. Snygga f\u00e4rger, bra m\u00e4rkyta och med mjuka inl\u00e4gg i handtagen som g\u00f6r den till ett n\u00f6je att arbeta med. Nylonv\u00e4ska med b\u00e4ltes\u00f6gla medf\u00f6ljer.<\/p>\n","protected":false},"featured_media":292342,"template":"","meta":{"_acf_changed":false,"_seopress_robots_primary_cat":"","_seopress_titles_title":"","_seopress_titles_desc":"","_seopress_robots_index":""},"product_brand":[],"product_cat":[15],"product_tag":[],"class_list":{"0":"post-292341","1":"product","2":"type-product","3":"status-publish","4":"has-post-thumbnail","6":"product_cat-okategoriserad","7":"atta45_taxonomy-tema-inspiration-ogonblick-arbete-pagar-sv","8":"atta45_taxonomy-reflexer-verktyg-sakerhet-knivar-sv","9":"atta45_taxonomy-reflexer-verktyg-sakerhet-multiverktyg-sv","10":"atta45_taxonomy-tema-inspiration-sv","11":"atta45_taxonomy-reflexer-verktyg-sakerhet-verktyg-sv","13":"first","14":"instock","15":"taxable","16":"shipping-taxable","17":"purchasable","18":"product-type-variable"},"acf":[],"_links":{"self":[{"href":"https:\/\/www.atta45.se\/e-butik\/wp-json\/wp\/v2\/product\/292341","targetHints":{"allow":["GET"]}}],"collection":[{"href":"https:\/\/www.atta45.se\/e-butik\/wp-json\/wp\/v2\/product"}],"about":[{"href":"https:\/\/www.atta45.se\/e-butik\/wp-json\/wp\/v2\/types\/product"}],"wp:featuredmedia":[{"embeddable":true,"href":"https:\/\/www.atta45.se\/e-butik\/wp-json\/wp\/v2\/media\/292342"}],"wp:attachment":[{"href":"https:\/\/www.atta45.se\/e-butik\/wp-json\/wp\/v2\/media?parent=292341"}],"wp:term":[{"taxonomy":"product_brand","embeddable":true,"href":"https:\/\/www.atta45.se\/e-butik\/wp-json\/wp\/v2\/product_brand?post=292341"},{"taxonomy":"product_cat","embeddable":true,"href":"https:\/\/www.atta45.se\/e-butik\/wp-json\/wp\/v2\/product_cat?post=292341"},{"taxonomy":"product_tag","embeddable":true,"href":"https:\/\/www.atta45.se\/e-butik\/wp-json\/wp\/v2\/product_tag?post=292341"}],"curies":[{"name":"wp","href":"https:\/\/api.w.org\/{rel}","templated":true}]}}