{"id":292331,"date":"2025-01-01T17:31:43","date_gmt":"2025-01-01T16:31:43","guid":{"rendered":"https:\/\/www.atta45.se\/e-butik\/produkt\/fickkniv-i-rostfritt-stal-och-tra\/"},"modified":"2025-10-28T00:11:00","modified_gmt":"2025-10-27T23:11:00","slug":"fickkniv-i-rostfritt-stal-och-tra","status":"publish","type":"product","link":"https:\/\/www.atta45.se\/e-butik\/produkt\/fickkniv-i-rostfritt-stal-och-tra\/","title":{"rendered":"Fickkniv i rostfritt st\u00e5l och tr\u00e4 Lisandro"},"content":{"rendered":"<p>Fickkniv i rostfritt st\u00e5l med tr\u00e4inl\u00e4gg i kroppen.<\/p>\n","protected":false},"excerpt":{"rendered":"<p>Fickkniv i rostfritt st\u00e5l med tr\u00e4inl\u00e4gg i kroppen.<\/p>\n","protected":false},"featured_media":292332,"template":"","meta":{"_acf_changed":false,"_seopress_robots_primary_cat":"","_seopress_titles_title":"","_seopress_titles_desc":"","_seopress_robots_index":""},"product_brand":[],"product_cat":[15],"product_tag":[],"class_list":{"0":"post-292331","1":"product","2":"type-product","3":"status-publish","4":"has-post-thumbnail","6":"product_cat-okategoriserad","7":"atta45_taxonomy-tema-inspiration-ogonblick-arbete-pagar-sv","8":"atta45_taxonomy-tema-inspiration-grona-intryck-eco-basic-sv","9":"atta45_taxonomy-tema-inspiration-grona-intryck-sv","10":"atta45_taxonomy-reflexer-verktyg-sakerhet-knivar-sv","11":"atta45_taxonomy-tema-inspiration-sv","12":"atta45_taxonomy-reflexer-verktyg-sakerhet-verktyg-sv","14":"first","15":"instock","16":"taxable","17":"shipping-taxable","18":"purchasable","19":"product-type-variable"},"acf":[],"_links":{"self":[{"href":"https:\/\/www.atta45.se\/e-butik\/wp-json\/wp\/v2\/product\/292331","targetHints":{"allow":["GET"]}}],"collection":[{"href":"https:\/\/www.atta45.se\/e-butik\/wp-json\/wp\/v2\/product"}],"about":[{"href":"https:\/\/www.atta45.se\/e-butik\/wp-json\/wp\/v2\/types\/product"}],"wp:featuredmedia":[{"embeddable":true,"href":"https:\/\/www.atta45.se\/e-butik\/wp-json\/wp\/v2\/media\/292332"}],"wp:attachment":[{"href":"https:\/\/www.atta45.se\/e-butik\/wp-json\/wp\/v2\/media?parent=292331"}],"wp:term":[{"taxonomy":"product_brand","embeddable":true,"href":"https:\/\/www.atta45.se\/e-butik\/wp-json\/wp\/v2\/product_brand?post=292331"},{"taxonomy":"product_cat","embeddable":true,"href":"https:\/\/www.atta45.se\/e-butik\/wp-json\/wp\/v2\/product_cat?post=292331"},{"taxonomy":"product_tag","embeddable":true,"href":"https:\/\/www.atta45.se\/e-butik\/wp-json\/wp\/v2\/product_tag?post=292331"}],"curies":[{"name":"wp","href":"https:\/\/api.w.org\/{rel}","templated":true}]}}