{"id":292281,"date":"2025-01-01T17:27:54","date_gmt":"2025-01-01T16:27:54","guid":{"rendered":"https:\/\/www.atta45.se\/e-butik\/produkt\/kylvaska-i-tyvek-och-polyester\/"},"modified":"2025-10-27T23:55:41","modified_gmt":"2025-10-27T22:55:41","slug":"kylvaska-i-tyvek-och-polyester","status":"publish","type":"product","link":"https:\/\/www.atta45.se\/e-butik\/produkt\/kylvaska-i-tyvek-och-polyester\/","title":{"rendered":"Kylv\u00e4ska i Tyvek och polyester Kerry"},"content":{"rendered":"<p>Kylv\u00e4ska i Tyvek med 100 g laminerad non-woven och polyester (600D) med elastisk st\u00e4ngning. Insidan \u00e4r fodrad med aluminium.<\/p>\n","protected":false},"excerpt":{"rendered":"<p>Kylv\u00e4ska i Tyvek med 100 g laminerad non-woven och polyester (600D) med elastisk st\u00e4ngning. Insidan \u00e4r fodrad med aluminium.<\/p>\n","protected":false},"featured_media":58705,"template":"","meta":{"_acf_changed":false,"_seopress_robots_primary_cat":"","_seopress_titles_title":"","_seopress_titles_desc":"","_seopress_robots_index":""},"product_brand":[],"product_cat":[15],"product_tag":[],"class_list":{"0":"post-292281","1":"product","2":"type-product","3":"status-publish","4":"has-post-thumbnail","6":"product_cat-okategoriserad","7":"atta45_taxonomy-tema-inspiration-grona-intryck-eko-vaskor-sv","8":"atta45_taxonomy-tema-inspiration-grona-intryck-sv","9":"atta45_taxonomy-kassar-pasar-kassar-sv","10":"atta45_taxonomy-vaskor-resetillbehor-kylvaskor-sv","11":"atta45_taxonomy-fritid-kylvaskor-sv","12":"atta45_taxonomy-nyheter-sv","13":"atta45_taxonomy-tema-inspiration-utvalda-produkter-nyheter-sv","14":"atta45_taxonomy-textil-organiskt-sv","15":"atta45_taxonomy-outlet-sv","16":"atta45_taxonomy-tema-inspiration-utvalda-produkter-outlet-sv","17":"atta45_taxonomy-tema-inspiration-sasong-sv","18":"atta45_taxonomy-tema-inspiration-sasong-sommar-sv","19":"atta45_taxonomy-tema-inspiration-sv","20":"atta45_taxonomy-textil-vaskor-bagar-sv","21":"atta45_taxonomy-vaskor-resetillbehor-sv","23":"first","24":"instock","25":"taxable","26":"shipping-taxable","27":"purchasable","28":"product-type-variable"},"acf":[],"_links":{"self":[{"href":"https:\/\/www.atta45.se\/e-butik\/wp-json\/wp\/v2\/product\/292281","targetHints":{"allow":["GET"]}}],"collection":[{"href":"https:\/\/www.atta45.se\/e-butik\/wp-json\/wp\/v2\/product"}],"about":[{"href":"https:\/\/www.atta45.se\/e-butik\/wp-json\/wp\/v2\/types\/product"}],"wp:featuredmedia":[{"embeddable":true,"href":"https:\/\/www.atta45.se\/e-butik\/wp-json\/wp\/v2\/media\/58705"}],"wp:attachment":[{"href":"https:\/\/www.atta45.se\/e-butik\/wp-json\/wp\/v2\/media?parent=292281"}],"wp:term":[{"taxonomy":"product_brand","embeddable":true,"href":"https:\/\/www.atta45.se\/e-butik\/wp-json\/wp\/v2\/product_brand?post=292281"},{"taxonomy":"product_cat","embeddable":true,"href":"https:\/\/www.atta45.se\/e-butik\/wp-json\/wp\/v2\/product_cat?post=292281"},{"taxonomy":"product_tag","embeddable":true,"href":"https:\/\/www.atta45.se\/e-butik\/wp-json\/wp\/v2\/product_tag?post=292281"}],"curies":[{"name":"wp","href":"https:\/\/api.w.org\/{rel}","templated":true}]}}