{"id":292271,"date":"2025-01-01T17:26:12","date_gmt":"2025-01-01T16:26:12","guid":{"rendered":"https:\/\/www.atta45.se\/e-butik\/produkt\/paraply-i-polyester-190t\/"},"modified":"2025-10-27T23:52:10","modified_gmt":"2025-10-27T22:52:10","slug":"paraply-i-polyester-190t","status":"publish","type":"product","link":"https:\/\/www.atta45.se\/e-butik\/produkt\/paraply-i-polyester-190t\/","title":{"rendered":"Paraply i polyester (190T) Melanie"},"content":{"rendered":"<p>Paraply i polyester (190T) med \u00e5tta paneler, metallram samt skaft och handtag i tr\u00e4. Automatisk \u00f6ppning.<\/p>\n","protected":false},"excerpt":{"rendered":"<p>Paraply i polyester (190T) med \u00e5tta paneler, metallram samt skaft och handtag i tr\u00e4. Automatisk \u00f6ppning.<\/p>\n","protected":false},"featured_media":100028,"template":"","meta":{"_acf_changed":false,"_seopress_robots_primary_cat":"","_seopress_titles_title":"","_seopress_titles_desc":"","_seopress_robots_index":""},"product_brand":[],"product_cat":[15],"product_tag":[],"class_list":{"0":"post-292271","1":"product","2":"type-product","3":"status-publish","4":"has-post-thumbnail","6":"product_cat-okategoriserad","7":"atta45_taxonomy-reflexer-verktyg-sakerhet-biltillbehor-sv","8":"atta45_taxonomy-tema-inspiration-branscher-sv","9":"atta45_taxonomy-tema-inspiration-branscher-fordonsindustrin-sv","10":"atta45_taxonomy-tema-inspiration-sasong-host-sv","11":"atta45_taxonomy-outlet-sv","12":"atta45_taxonomy-tema-inspiration-utvalda-produkter-outlet-sv","13":"atta45_taxonomy-paraply-sv","14":"atta45_taxonomy-tema-inspiration-sasong-sv","15":"atta45_taxonomy-paraply-standard-paraplyer-sv","16":"atta45_taxonomy-tema-inspiration-sv","18":"first","19":"instock","20":"taxable","21":"shipping-taxable","22":"purchasable","23":"product-type-variable"},"acf":[],"_links":{"self":[{"href":"https:\/\/www.atta45.se\/e-butik\/wp-json\/wp\/v2\/product\/292271","targetHints":{"allow":["GET"]}}],"collection":[{"href":"https:\/\/www.atta45.se\/e-butik\/wp-json\/wp\/v2\/product"}],"about":[{"href":"https:\/\/www.atta45.se\/e-butik\/wp-json\/wp\/v2\/types\/product"}],"wp:featuredmedia":[{"embeddable":true,"href":"https:\/\/www.atta45.se\/e-butik\/wp-json\/wp\/v2\/media\/100028"}],"wp:attachment":[{"href":"https:\/\/www.atta45.se\/e-butik\/wp-json\/wp\/v2\/media?parent=292271"}],"wp:term":[{"taxonomy":"product_brand","embeddable":true,"href":"https:\/\/www.atta45.se\/e-butik\/wp-json\/wp\/v2\/product_brand?post=292271"},{"taxonomy":"product_cat","embeddable":true,"href":"https:\/\/www.atta45.se\/e-butik\/wp-json\/wp\/v2\/product_cat?post=292271"},{"taxonomy":"product_tag","embeddable":true,"href":"https:\/\/www.atta45.se\/e-butik\/wp-json\/wp\/v2\/product_tag?post=292271"}],"curies":[{"name":"wp","href":"https:\/\/api.w.org\/{rel}","templated":true}]}}