{"id":292239,"date":"2025-01-01T17:23:35","date_gmt":"2025-01-01T16:23:35","guid":{"rendered":"https:\/\/www.atta45.se\/e-butik\/produkt\/forklade-i-100-polyester\/"},"modified":"2025-10-27T23:48:12","modified_gmt":"2025-10-27T22:48:12","slug":"forklade-i-100-polyester","status":"publish","type":"product","link":"https:\/\/www.atta45.se\/e-butik\/produkt\/forklade-i-100-polyester\/","title":{"rendered":"F\u00f6rkl\u00e4de i 100 % polyester Farah"},"content":{"rendered":"<p>F\u00f6rkl\u00e4de i 100 % polyester med flask\u00f6ppnare.<\/p>\n","protected":false},"excerpt":{"rendered":"<p>F\u00f6rkl\u00e4de i 100 % polyester med flask\u00f6ppnare.<\/p>\n","protected":false},"featured_media":45200,"template":"","meta":{"_acf_changed":false,"_seopress_robots_primary_cat":"","_seopress_titles_title":"","_seopress_titles_desc":"","_seopress_robots_index":""},"product_brand":[],"product_cat":[15],"product_tag":[],"class_list":{"0":"post-292239","1":"product","2":"type-product","3":"status-publish","4":"has-post-thumbnail","6":"product_cat-okategoriserad","7":"atta45_taxonomy-fritid-grilltillbehor-sv","8":"atta45_taxonomy-hem-hushall-koksartiklar-sv","9":"atta45_taxonomy-outlet-sv","10":"atta45_taxonomy-tema-inspiration-utvalda-produkter-outlet-sv","12":"first","13":"instock","14":"taxable","15":"shipping-taxable","16":"purchasable","17":"product-type-variable"},"acf":[],"_links":{"self":[{"href":"https:\/\/www.atta45.se\/e-butik\/wp-json\/wp\/v2\/product\/292239","targetHints":{"allow":["GET"]}}],"collection":[{"href":"https:\/\/www.atta45.se\/e-butik\/wp-json\/wp\/v2\/product"}],"about":[{"href":"https:\/\/www.atta45.se\/e-butik\/wp-json\/wp\/v2\/types\/product"}],"wp:featuredmedia":[{"embeddable":true,"href":"https:\/\/www.atta45.se\/e-butik\/wp-json\/wp\/v2\/media\/45200"}],"wp:attachment":[{"href":"https:\/\/www.atta45.se\/e-butik\/wp-json\/wp\/v2\/media?parent=292239"}],"wp:term":[{"taxonomy":"product_brand","embeddable":true,"href":"https:\/\/www.atta45.se\/e-butik\/wp-json\/wp\/v2\/product_brand?post=292239"},{"taxonomy":"product_cat","embeddable":true,"href":"https:\/\/www.atta45.se\/e-butik\/wp-json\/wp\/v2\/product_cat?post=292239"},{"taxonomy":"product_tag","embeddable":true,"href":"https:\/\/www.atta45.se\/e-butik\/wp-json\/wp\/v2\/product_tag?post=292239"}],"curies":[{"name":"wp","href":"https:\/\/api.w.org\/{rel}","templated":true}]}}