{"id":292195,"date":"2025-01-01T17:21:44","date_gmt":"2025-01-01T16:21:44","guid":{"rendered":"https:\/\/www.atta45.se\/e-butik\/produkt\/ficklampa-med-teleskopskaft\/"},"modified":"2025-10-27T23:46:43","modified_gmt":"2025-10-27T22:46:43","slug":"ficklampa-med-teleskopskaft","status":"publish","type":"product","link":"https:\/\/www.atta45.se\/e-butik\/produkt\/ficklampa-med-teleskopskaft\/","title":{"rendered":"Ficklampa med teleskopskaft Aya"},"content":{"rendered":"<p>En smart ficklampa i metall med LED-ljus, 3 dioder, och teleskopl\u00f6sning. Ficklampan kan f\u00e4llas ut 39 cm och vinklas i toppen. Sj\u00e4lva toppen p\u00e5 lamphuvudet har \u00e4ven en magnet. Batterier ing\u00e5r.<\/p>\n","protected":false},"excerpt":{"rendered":"<p>En smart ficklampa i metall med LED-ljus, 3 dioder, och teleskopl\u00f6sning. Ficklampan kan f\u00e4llas ut 39 cm och vinklas i toppen. Sj\u00e4lva toppen p\u00e5 lamphuvudet har \u00e4ven en magnet. Batterier ing\u00e5r.<\/p>\n","protected":false},"featured_media":292196,"template":"","meta":{"_acf_changed":false,"_seopress_robots_primary_cat":"","_seopress_titles_title":"","_seopress_titles_desc":"","_seopress_robots_index":""},"product_brand":[],"product_cat":[15],"product_tag":[],"class_list":{"0":"post-292195","1":"product","2":"type-product","3":"status-publish","4":"has-post-thumbnail","6":"product_cat-okategoriserad","7":"atta45_taxonomy-tema-inspiration-ogonblick-arbete-pagar-sv","8":"atta45_taxonomy-tema-inspiration-speciella-trycktekniker-name-it-sv","9":"atta45_taxonomy-tema-inspiration-sasong-sv","10":"atta45_taxonomy-tema-inspiration-utvalda-produkter-snabbleverans-sv","11":"atta45_taxonomy-tema-inspiration-sv","12":"atta45_taxonomy-reflexer-verktyg-sakerhet-verktyg-sv","13":"atta45_taxonomy-tema-inspiration-sasong-vinter-sv","15":"first","16":"instock","17":"taxable","18":"shipping-taxable","19":"purchasable","20":"product-type-variable"},"acf":[],"_links":{"self":[{"href":"https:\/\/www.atta45.se\/e-butik\/wp-json\/wp\/v2\/product\/292195","targetHints":{"allow":["GET"]}}],"collection":[{"href":"https:\/\/www.atta45.se\/e-butik\/wp-json\/wp\/v2\/product"}],"about":[{"href":"https:\/\/www.atta45.se\/e-butik\/wp-json\/wp\/v2\/types\/product"}],"wp:featuredmedia":[{"embeddable":true,"href":"https:\/\/www.atta45.se\/e-butik\/wp-json\/wp\/v2\/media\/292196"}],"wp:attachment":[{"href":"https:\/\/www.atta45.se\/e-butik\/wp-json\/wp\/v2\/media?parent=292195"}],"wp:term":[{"taxonomy":"product_brand","embeddable":true,"href":"https:\/\/www.atta45.se\/e-butik\/wp-json\/wp\/v2\/product_brand?post=292195"},{"taxonomy":"product_cat","embeddable":true,"href":"https:\/\/www.atta45.se\/e-butik\/wp-json\/wp\/v2\/product_cat?post=292195"},{"taxonomy":"product_tag","embeddable":true,"href":"https:\/\/www.atta45.se\/e-butik\/wp-json\/wp\/v2\/product_tag?post=292195"}],"curies":[{"name":"wp","href":"https:\/\/api.w.org\/{rel}","templated":true}]}}