{"id":292167,"date":"2025-01-01T17:19:17","date_gmt":"2025-01-01T16:19:17","guid":{"rendered":"https:\/\/www.atta45.se\/e-butik\/produkt\/dokumentvaska-for-14-laptop\/"},"modified":"2025-10-27T23:33:08","modified_gmt":"2025-10-27T22:33:08","slug":"dokumentvaska-for-14-laptop","status":"publish","type":"product","link":"https:\/\/www.atta45.se\/e-butik\/produkt\/dokumentvaska-for-14-laptop\/","title":{"rendered":"Laptopv\u00e4ska 14\u00b4, i polyester (1680D), Lulu"},"content":{"rendered":"<p>Laptop \/ Dokumentv\u00e4ska i polyester (1680D) med gummihandtag och justerbar axelrem. V\u00e4skan kan ocks\u00e5 b\u00e4ras som ryggs\u00e4ck. Klarar upp till 14&#8242; laptops.<\/p>\n","protected":false},"excerpt":{"rendered":"<p>Laptop \/ Dokumentv\u00e4ska i polyester (1680D) med gummihandtag och justerbar axelrem. V\u00e4skan kan ocks\u00e5 b\u00e4ras som ryggs\u00e4ck. Klarar upp till 14&#8242; laptops.<\/p>\n","protected":false},"featured_media":20506,"template":"","meta":{"_acf_changed":false,"_seopress_robots_primary_cat":"","_seopress_titles_title":"","_seopress_titles_desc":"","_seopress_robots_index":""},"product_brand":[],"product_cat":[15],"product_tag":[],"class_list":{"0":"post-292167","1":"product","2":"type-product","3":"status-publish","4":"has-post-thumbnail","6":"product_cat-okategoriserad","7":"atta45_taxonomy-elektronik-kontor-datortillbehor-sv","8":"atta45_taxonomy-textil-kontor-foretag-sv","9":"atta45_taxonomy-tema-inspiration-ogonblick-kontorsliv-sv","10":"atta45_taxonomy-vaskor-resetillbehor-laptopvaskor-sv","11":"atta45_taxonomy-tema-inspiration-utvalda-produkter-outlet-sv","12":"atta45_taxonomy-outlet-sv","13":"atta45_taxonomy-elektronik-kontor-portfoljer-sv","14":"atta45_taxonomy-vaskor-resetillbehor-portfoljer-sv","15":"atta45_taxonomy-tema-inspiration-sv","16":"atta45_taxonomy-textil-vaskor-bagar-sv","17":"atta45_taxonomy-vaskor-resetillbehor-sv","19":"first","20":"instock","21":"taxable","22":"shipping-taxable","23":"purchasable","24":"product-type-variable"},"acf":[],"_links":{"self":[{"href":"https:\/\/www.atta45.se\/e-butik\/wp-json\/wp\/v2\/product\/292167","targetHints":{"allow":["GET"]}}],"collection":[{"href":"https:\/\/www.atta45.se\/e-butik\/wp-json\/wp\/v2\/product"}],"about":[{"href":"https:\/\/www.atta45.se\/e-butik\/wp-json\/wp\/v2\/types\/product"}],"wp:featuredmedia":[{"embeddable":true,"href":"https:\/\/www.atta45.se\/e-butik\/wp-json\/wp\/v2\/media\/20506"}],"wp:attachment":[{"href":"https:\/\/www.atta45.se\/e-butik\/wp-json\/wp\/v2\/media?parent=292167"}],"wp:term":[{"taxonomy":"product_brand","embeddable":true,"href":"https:\/\/www.atta45.se\/e-butik\/wp-json\/wp\/v2\/product_brand?post=292167"},{"taxonomy":"product_cat","embeddable":true,"href":"https:\/\/www.atta45.se\/e-butik\/wp-json\/wp\/v2\/product_cat?post=292167"},{"taxonomy":"product_tag","embeddable":true,"href":"https:\/\/www.atta45.se\/e-butik\/wp-json\/wp\/v2\/product_tag?post=292167"}],"curies":[{"name":"wp","href":"https:\/\/api.w.org\/{rel}","templated":true}]}}