{"id":292091,"date":"2025-01-01T17:14:07","date_gmt":"2025-01-01T16:14:07","guid":{"rendered":"https:\/\/www.atta45.se\/e-butik\/produkt\/set-med-tva-cykellampor-jordy\/"},"modified":"2025-10-27T23:13:57","modified_gmt":"2025-10-27T22:13:57","slug":"set-med-tva-cykellampor-jordy","status":"publish","type":"product","link":"https:\/\/www.atta45.se\/e-butik\/produkt\/set-med-tva-cykellampor-jordy\/","title":{"rendered":"Cykellampor, set om tv\u00e5, ABS, Jordy"},"content":{"rendered":"<p>Cykelbelysning med fram- och bakljus, vitt &amp; r\u00f6tt. Kan st\u00e4llas p\u00e5 m\u00e5nga olika ljusfunktioner. Kommer med f\u00e4sten f\u00f6r cykeln. Batterier medf\u00f6ljer.<\/p>\n","protected":false},"excerpt":{"rendered":"<p>Cykelbelysning med fram- och bakljus, vitt &amp; r\u00f6tt. Kan st\u00e4llas p\u00e5 m\u00e5nga olika ljusfunktioner. Kommer med f\u00e4sten f\u00f6r cykeln. Batterier medf\u00f6ljer.<\/p>\n","protected":false},"featured_media":292092,"template":"","meta":{"_acf_changed":false,"_seopress_robots_primary_cat":"","_seopress_titles_title":"","_seopress_titles_desc":"","_seopress_robots_index":""},"product_brand":[],"product_cat":[15],"product_tag":[],"class_list":{"0":"post-292091","1":"product","2":"type-product","3":"status-publish","4":"has-post-thumbnail","6":"product_cat-okategoriserad","7":"atta45_taxonomy-reflexer-verktyg-sakerhet-cykeltillbehor-sv","8":"atta45_taxonomy-tema-inspiration-sasong-host-sv","9":"atta45_taxonomy-tema-inspiration-ogonblick-pa-vagen-sv","10":"atta45_taxonomy-tema-inspiration-sasong-sv","11":"atta45_taxonomy-tema-inspiration-sv","12":"atta45_taxonomy-tema-inspiration-sasong-vinter-sv","14":"first","15":"instock","16":"taxable","17":"shipping-taxable","18":"purchasable","19":"product-type-variable"},"acf":[],"_links":{"self":[{"href":"https:\/\/www.atta45.se\/e-butik\/wp-json\/wp\/v2\/product\/292091","targetHints":{"allow":["GET"]}}],"collection":[{"href":"https:\/\/www.atta45.se\/e-butik\/wp-json\/wp\/v2\/product"}],"about":[{"href":"https:\/\/www.atta45.se\/e-butik\/wp-json\/wp\/v2\/types\/product"}],"wp:featuredmedia":[{"embeddable":true,"href":"https:\/\/www.atta45.se\/e-butik\/wp-json\/wp\/v2\/media\/292092"}],"wp:attachment":[{"href":"https:\/\/www.atta45.se\/e-butik\/wp-json\/wp\/v2\/media?parent=292091"}],"wp:term":[{"taxonomy":"product_brand","embeddable":true,"href":"https:\/\/www.atta45.se\/e-butik\/wp-json\/wp\/v2\/product_brand?post=292091"},{"taxonomy":"product_cat","embeddable":true,"href":"https:\/\/www.atta45.se\/e-butik\/wp-json\/wp\/v2\/product_cat?post=292091"},{"taxonomy":"product_tag","embeddable":true,"href":"https:\/\/www.atta45.se\/e-butik\/wp-json\/wp\/v2\/product_tag?post=292091"}],"curies":[{"name":"wp","href":"https:\/\/api.w.org\/{rel}","templated":true}]}}